{"id":894,"date":"2024-01-25T10:06:38","date_gmt":"2024-01-25T10:06:38","guid":{"rendered":"https:\/\/dalgichidrofor.com\/?page_id=894"},"modified":"2024-01-26T08:40:45","modified_gmt":"2024-01-26T08:40:45","slug":"domestik","status":"publish","type":"page","link":"https:\/\/dalgichidrofor.com\/?page_id=894","title":{"rendered":"Domestik"},"content":{"rendered":"\t\t<div data-elementor-type=\"wp-page\" data-elementor-id=\"894\" class=\"elementor elementor-894\">\n\t\t\t\t\t\t\t<div class=\"elementor-element elementor-element-db93f05 e-flex e-con-boxed e-con e-parent\" data-id=\"db93f05\" data-element_type=\"container\" data-settings=\"{&quot;content_width&quot;:&quot;boxed&quot;}\" data-core-v316-plus=\"true\">\n\t\t\t\t\t<div class=\"e-con-inner\">\n\t\t\t\t<div class=\"elementor-element elementor-element-b818a6c elementor-widget elementor-widget-text-editor\" data-id=\"b818a6c\" data-element_type=\"widget\" data-widget_type=\"text-editor.default\">\n\t\t\t\t<div class=\"elementor-widget-container\">\n\t\t\t<style>\/*! elementor - v3.18.0 - 20-12-2023 *\/\n.elementor-widget-text-editor.elementor-drop-cap-view-stacked .elementor-drop-cap{background-color:#69727d;color:#fff}.elementor-widget-text-editor.elementor-drop-cap-view-framed .elementor-drop-cap{color:#69727d;border:3px solid;background-color:transparent}.elementor-widget-text-editor:not(.elementor-drop-cap-view-default) .elementor-drop-cap{margin-top:8px}.elementor-widget-text-editor:not(.elementor-drop-cap-view-default) .elementor-drop-cap-letter{width:1em;height:1em}.elementor-widget-text-editor .elementor-drop-cap{float:left;text-align:center;line-height:1;font-size:50px}.elementor-widget-text-editor .elementor-drop-cap-letter{display:inline-block}<\/style>\t\t\t\t<p>Domestik Pompa<\/p>\t\t\t\t\t\t<\/div>\n\t\t\t\t<\/div>\n\t\t\t\t\t<\/div>\n\t\t\t\t<\/div>\n\t\t<div class=\"elementor-element elementor-element-818485a e-flex e-con-boxed e-con e-parent\" data-id=\"818485a\" data-element_type=\"container\" data-settings=\"{&quot;content_width&quot;:&quot;boxed&quot;}\" data-core-v316-plus=\"true\">\n\t\t\t\t\t<div class=\"e-con-inner\">\n\t\t<div class=\"elementor-element elementor-element-b334b0d e-con-full e-flex e-con e-child\" data-id=\"b334b0d\" data-element_type=\"container\" data-settings=\"{&quot;content_width&quot;:&quot;full&quot;}\">\n\t\t\t\t<div class=\"elementor-element elementor-element-b6067eb elementor-arrows-position-inside elementor-widget elementor-widget-image-carousel\" data-id=\"b6067eb\" data-element_type=\"widget\" data-settings=\"{&quot;slides_to_show&quot;:&quot;1&quot;,&quot;navigation&quot;:&quot;arrows&quot;,&quot;autoplay&quot;:&quot;yes&quot;,&quot;pause_on_hover&quot;:&quot;yes&quot;,&quot;pause_on_interaction&quot;:&quot;yes&quot;,&quot;autoplay_speed&quot;:5000,&quot;infinite&quot;:&quot;yes&quot;,&quot;effect&quot;:&quot;slide&quot;,&quot;speed&quot;:500}\" data-widget_type=\"image-carousel.default\">\n\t\t\t\t<div class=\"elementor-widget-container\">\n\t\t\t<style>\/*! elementor - v3.18.0 - 20-12-2023 *\/\n.elementor-widget-image-carousel .swiper,.elementor-widget-image-carousel .swiper-container{position:static}.elementor-widget-image-carousel .swiper-container .swiper-slide figure,.elementor-widget-image-carousel .swiper .swiper-slide figure{line-height:inherit}.elementor-widget-image-carousel .swiper-slide{text-align:center}.elementor-image-carousel-wrapper:not(.swiper-container-initialized):not(.swiper-initialized) .swiper-slide{max-width:calc(100% \/ var(--e-image-carousel-slides-to-show, 3))}<\/style>\t\t<div class=\"elementor-image-carousel-wrapper swiper\" dir=\"ltr\">\n\t\t\t<div class=\"elementor-image-carousel swiper-wrapper\" aria-live=\"off\">\n\t\t\t\t\t\t\t\t<div class=\"swiper-slide\" role=\"group\" aria-roledescription=\"slide\" aria-label=\"1 \/ 3\"><figure class=\"swiper-slide-inner\"><img decoding=\"async\" class=\"swiper-slide-image\" src=\"https:\/\/dalgichidrofor.com\/wp-content\/uploads\/2024\/01\/mersin-hidrofor-dalgic-pompa-1-768x576.jpg\" alt=\"mersin-hidrofor- dalgic-pompa-1\" \/><\/figure><\/div><div class=\"swiper-slide\" role=\"group\" aria-roledescription=\"slide\" aria-label=\"2 \/ 3\"><figure class=\"swiper-slide-inner\"><img decoding=\"async\" class=\"swiper-slide-image\" src=\"https:\/\/dalgichidrofor.com\/wp-content\/uploads\/2024\/01\/mersin-hidrofor-dalgic-pompa-3-768x576.jpg\" alt=\"mersin-hidrofor- dalgic-pompa-3\" \/><\/figure><\/div><div class=\"swiper-slide\" role=\"group\" aria-roledescription=\"slide\" aria-label=\"3 \/ 3\"><figure class=\"swiper-slide-inner\"><img decoding=\"async\" class=\"swiper-slide-image\" src=\"https:\/\/dalgichidrofor.com\/wp-content\/uploads\/2024\/01\/mersin-hidrofor-dalgic-pompa-2-768x576.jpg\" alt=\"mersin-hidrofor- dalgic-pompa-2\" \/><\/figure><\/div>\t\t\t<\/div>\n\t\t\t\t\t\t\t\t\t\t\t\t<div class=\"elementor-swiper-button elementor-swiper-button-prev\" role=\"button\" tabindex=\"0\">\n\t\t\t\t\t\t<svg aria-hidden=\"true\" class=\"e-font-icon-svg e-eicon-chevron-left\" viewBox=\"0 0 1000 1000\" xmlns=\"http:\/\/www.w3.org\/2000\/svg\"><path d=\"M646 125C629 125 613 133 604 142L308 442C296 454 292 471 292 487 292 504 296 521 308 533L604 854C617 867 629 875 646 875 663 875 679 871 692 858 704 846 713 829 713 812 713 796 708 779 692 767L438 487 692 225C700 217 708 204 708 187 708 171 704 154 692 142 675 129 663 125 646 125Z\"><\/path><\/svg>\t\t\t\t\t<\/div>\n\t\t\t\t\t<div class=\"elementor-swiper-button elementor-swiper-button-next\" role=\"button\" tabindex=\"0\">\n\t\t\t\t\t\t<svg aria-hidden=\"true\" class=\"e-font-icon-svg e-eicon-chevron-right\" viewBox=\"0 0 1000 1000\" xmlns=\"http:\/\/www.w3.org\/2000\/svg\"><path d=\"M696 533C708 521 713 504 713 487 713 471 708 454 696 446L400 146C388 133 375 125 354 125 338 125 325 129 313 142 300 154 292 171 292 187 292 204 296 221 308 233L563 492 304 771C292 783 288 800 288 817 288 833 296 850 308 863 321 871 338 875 354 875 371 875 388 867 400 854L696 533Z\"><\/path><\/svg>\t\t\t\t\t<\/div>\n\t\t\t\t\n\t\t\t\t\t\t\t\t\t<\/div>\n\t\t\t\t<\/div>\n\t\t\t\t<\/div>\n\t\t\t\t<\/div>\n\t\t<div class=\"elementor-element elementor-element-df58692 e-con-full e-flex e-con e-child\" data-id=\"df58692\" data-element_type=\"container\" data-settings=\"{&quot;content_width&quot;:&quot;full&quot;}\">\n\t\t\t\t<div class=\"elementor-element elementor-element-dff4859 elementor-widget elementor-widget-text-editor\" data-id=\"dff4859\" data-element_type=\"widget\" data-widget_type=\"text-editor.default\">\n\t\t\t\t<div class=\"elementor-widget-container\">\n\t\t\t\t\t\t\t<p>DOMEST\u0130K POMPA S\u0130STEMLER\u0130<br \/>Domestik pompalar\u0131 serisi ideal ve kullan\u0131\u015fl\u0131d\u0131r. Villa ve m\u00fcstakil tarz\u0131 bah\u00e7esi olan evlerde \u00e7ok verimli hem ev i\u00e7in hemde bah\u00e7e sulamalar\u0131nda alternatif su kaynaklar\u0131na eri\u015fmenizi sa\u011flar. Domestik pompalarla kuyu suyu, yeralt\u0131 suyu, ya\u011fmur suyu ve kaynak suyu pompalayabilir ve bah\u00e7enizi ekolojik bir \u015fekilde sulaman\u0131z\u0131 sa\u011flar. Dalg\u0131\u00e7 Su ve Pompa Teknolojileri yeralt\u0131 su kaynaklar\u0131na daha kolay bi \u015fekilde eri\u015fme \u00e7\u00f6z\u00fcm\u00fc sunuyor.<\/p><p>DOMEST\u0130K POMPA KULLANIM ALANLARI<br \/>&#8211; Bah\u00e7e ve ev su gereksinimi i\u00e7in<br \/>&#8211; Villa ve m\u00fcstakil tarz\u0131 bah\u00e7esi olan evlerde<br \/>&#8211; Sulama ve sprinkler sistemleri<br \/>&#8211; S\u00fcs havuzlar\u0131 ve fiskiyeler<br \/>&#8211; K\u00fc\u00e7\u00fck \u00e7apl\u0131 keson yada derin kuyular<\/p>\t\t\t\t\t\t<\/div>\n\t\t\t\t<\/div>\n\t\t\t\t<\/div>\n\t\t\t\t\t<\/div>\n\t\t\t\t<\/div>\n\t\t<div class=\"elementor-element elementor-element-909affe e-flex e-con-boxed e-con e-parent\" data-id=\"909affe\" data-element_type=\"container\" data-settings=\"{&quot;content_width&quot;:&quot;boxed&quot;}\" data-core-v316-plus=\"true\">\n\t\t\t\t\t<div class=\"e-con-inner\">\n\t\t<div class=\"elementor-element elementor-element-c2869df e-con-full e-flex e-con e-child\" data-id=\"c2869df\" data-element_type=\"container\" data-settings=\"{&quot;content_width&quot;:&quot;full&quot;}\">\n\t\t\t\t<div class=\"elementor-element elementor-element-f855fed elementor-widget elementor-widget-image\" data-id=\"f855fed\" data-element_type=\"widget\" data-widget_type=\"image.default\">\n\t\t\t\t<div class=\"elementor-widget-container\">\n\t\t\t<style>\/*! elementor - v3.18.0 - 20-12-2023 *\/\n.elementor-widget-image{text-align:center}.elementor-widget-image a{display:inline-block}.elementor-widget-image a img[src$=\".svg\"]{width:48px}.elementor-widget-image img{vertical-align:middle;display:inline-block}<\/style>\t\t\t\t\t\t\t\t\t\t\t\t<img fetchpriority=\"high\" decoding=\"async\" width=\"359\" height=\"240\" src=\"https:\/\/dalgichidrofor.com\/wp-content\/uploads\/2024\/01\/Dom1.jpg\" class=\"attachment-large size-large wp-image-911\" alt=\"\" srcset=\"https:\/\/dalgichidrofor.com\/wp-content\/uploads\/2024\/01\/Dom1.jpg 359w, https:\/\/dalgichidrofor.com\/wp-content\/uploads\/2024\/01\/Dom1-300x201.jpg 300w\" sizes=\"(max-width: 359px) 100vw, 359px\" \/>\t\t\t\t\t\t\t\t\t\t\t\t\t\t\t<\/div>\n\t\t\t\t<\/div>\n\t\t\t\t<\/div>\n\t\t<div class=\"elementor-element elementor-element-c62f8c5 e-con-full e-flex e-con e-child\" data-id=\"c62f8c5\" data-element_type=\"container\" data-settings=\"{&quot;content_width&quot;:&quot;full&quot;}\">\n\t\t\t\t<div class=\"elementor-element elementor-element-f6a4444 elementor-widget elementor-widget-image\" data-id=\"f6a4444\" data-element_type=\"widget\" data-widget_type=\"image.default\">\n\t\t\t\t<div class=\"elementor-widget-container\">\n\t\t\t\t\t\t\t\t\t\t\t\t\t\t\t<img decoding=\"async\" width=\"359\" height=\"240\" src=\"https:\/\/dalgichidrofor.com\/wp-content\/uploads\/2024\/01\/Dom2.jpg\" class=\"attachment-large size-large wp-image-912\" alt=\"\" srcset=\"https:\/\/dalgichidrofor.com\/wp-content\/uploads\/2024\/01\/Dom2.jpg 359w, https:\/\/dalgichidrofor.com\/wp-content\/uploads\/2024\/01\/Dom2-300x201.jpg 300w\" sizes=\"(max-width: 359px) 100vw, 359px\" \/>\t\t\t\t\t\t\t\t\t\t\t\t\t\t\t<\/div>\n\t\t\t\t<\/div>\n\t\t\t\t<\/div>\n\t\t<div class=\"elementor-element elementor-element-88e4592 e-con-full e-flex e-con e-child\" data-id=\"88e4592\" data-element_type=\"container\" data-settings=\"{&quot;content_width&quot;:&quot;full&quot;}\">\n\t\t\t\t<div class=\"elementor-element elementor-element-541e1a0 elementor-widget elementor-widget-image\" data-id=\"541e1a0\" data-element_type=\"widget\" data-widget_type=\"image.default\">\n\t\t\t\t<div class=\"elementor-widget-container\">\n\t\t\t\t\t\t\t\t\t\t\t\t\t\t\t<img decoding=\"async\" width=\"359\" height=\"240\" src=\"https:\/\/dalgichidrofor.com\/wp-content\/uploads\/2024\/01\/Dom3.jpg\" class=\"attachment-large size-large wp-image-913\" alt=\"\" srcset=\"https:\/\/dalgichidrofor.com\/wp-content\/uploads\/2024\/01\/Dom3.jpg 359w, https:\/\/dalgichidrofor.com\/wp-content\/uploads\/2024\/01\/Dom3-300x201.jpg 300w\" sizes=\"(max-width: 359px) 100vw, 359px\" \/>\t\t\t\t\t\t\t\t\t\t\t\t\t\t\t<\/div>\n\t\t\t\t<\/div>\n\t\t\t\t<\/div>\n\t\t<div class=\"elementor-element elementor-element-f71e4a7 e-con-full e-flex e-con e-child\" data-id=\"f71e4a7\" data-element_type=\"container\" data-settings=\"{&quot;content_width&quot;:&quot;full&quot;}\">\n\t\t\t\t<div class=\"elementor-element elementor-element-172f2ce elementor-widget elementor-widget-image\" data-id=\"172f2ce\" data-element_type=\"widget\" data-widget_type=\"image.default\">\n\t\t\t\t<div class=\"elementor-widget-container\">\n\t\t\t\t\t\t\t\t\t\t\t\t\t\t\t<img loading=\"lazy\" decoding=\"async\" width=\"359\" height=\"240\" src=\"https:\/\/dalgichidrofor.com\/wp-content\/uploads\/2024\/01\/Dom6-1.jpg\" class=\"attachment-large size-large wp-image-932\" alt=\"\" srcset=\"https:\/\/dalgichidrofor.com\/wp-content\/uploads\/2024\/01\/Dom6-1.jpg 359w, https:\/\/dalgichidrofor.com\/wp-content\/uploads\/2024\/01\/Dom6-1-300x201.jpg 300w\" sizes=\"(max-width: 359px) 100vw, 359px\" \/>\t\t\t\t\t\t\t\t\t\t\t\t\t\t\t<\/div>\n\t\t\t\t<\/div>\n\t\t\t\t<\/div>\n\t\t<div class=\"elementor-element elementor-element-cab1b55 e-con-full e-flex e-con e-child\" data-id=\"cab1b55\" data-element_type=\"container\" data-settings=\"{&quot;content_width&quot;:&quot;full&quot;}\">\n\t\t\t\t<div class=\"elementor-element elementor-element-17907d7 elementor-widget elementor-widget-image\" data-id=\"17907d7\" data-element_type=\"widget\" data-widget_type=\"image.default\">\n\t\t\t\t<div class=\"elementor-widget-container\">\n\t\t\t\t\t\t\t\t\t\t\t\t\t\t\t<img loading=\"lazy\" decoding=\"async\" width=\"359\" height=\"240\" src=\"https:\/\/dalgichidrofor.com\/wp-content\/uploads\/2024\/01\/Dom5.jpg\" class=\"attachment-large size-large wp-image-915\" alt=\"\" srcset=\"https:\/\/dalgichidrofor.com\/wp-content\/uploads\/2024\/01\/Dom5.jpg 359w, https:\/\/dalgichidrofor.com\/wp-content\/uploads\/2024\/01\/Dom5-300x201.jpg 300w\" sizes=\"(max-width: 359px) 100vw, 359px\" \/>\t\t\t\t\t\t\t\t\t\t\t\t\t\t\t<\/div>\n\t\t\t\t<\/div>\n\t\t\t\t<\/div>\n\t\t<div class=\"elementor-element elementor-element-0b935a9 e-con-full e-flex e-con e-child\" data-id=\"0b935a9\" data-element_type=\"container\" data-settings=\"{&quot;content_width&quot;:&quot;full&quot;}\">\n\t\t\t\t<div class=\"elementor-element elementor-element-efa509b elementor-widget elementor-widget-image\" data-id=\"efa509b\" data-element_type=\"widget\" data-widget_type=\"image.default\">\n\t\t\t\t<div class=\"elementor-widget-container\">\n\t\t\t\t\t\t\t\t\t\t\t\t\t\t\t<img loading=\"lazy\" decoding=\"async\" width=\"359\" height=\"240\" src=\"https:\/\/dalgichidrofor.com\/wp-content\/uploads\/2024\/01\/Dom4.jpg\" class=\"attachment-large size-large wp-image-914\" alt=\"\" srcset=\"https:\/\/dalgichidrofor.com\/wp-content\/uploads\/2024\/01\/Dom4.jpg 359w, https:\/\/dalgichidrofor.com\/wp-content\/uploads\/2024\/01\/Dom4-300x201.jpg 300w\" sizes=\"(max-width: 359px) 100vw, 359px\" \/>\t\t\t\t\t\t\t\t\t\t\t\t\t\t\t<\/div>\n\t\t\t\t<\/div>\n\t\t\t\t<\/div>\n\t\t\t\t\t<\/div>\n\t\t\t\t<\/div>\n\t\t<div class=\"elementor-element elementor-element-5cc2679 e-flex e-con-boxed e-con e-parent\" data-id=\"5cc2679\" data-element_type=\"container\" data-settings=\"{&quot;content_width&quot;:&quot;boxed&quot;}\" data-core-v316-plus=\"true\">\n\t\t\t\t\t<div class=\"e-con-inner\">\n\t\t\t\t\t<\/div>\n\t\t\t\t<\/div>\n\t\t<div class=\"elementor-element elementor-element-fd5ce38 e-flex e-con-boxed e-con e-parent\" data-id=\"fd5ce38\" data-element_type=\"container\" data-settings=\"{&quot;content_width&quot;:&quot;boxed&quot;}\" data-core-v316-plus=\"true\">\n\t\t\t\t\t<div class=\"e-con-inner\">\n\t\t\t\t<div class=\"elementor-element elementor-element-d0e33f3 elementor-widget elementor-widget-read-more\" data-id=\"d0e33f3\" data-element_type=\"widget\" data-widget_type=\"read-more.default\">\n\t\t\t\t<div class=\"elementor-widget-container\">\n\t\t\t<\/div><\/div><\/div><\/div><\/div> <a href=\"https:\/\/dalgichidrofor.com\/?page_id=894#more-894\" class=\"more-link elementor-more-link\"><span aria-label=\"Okumaya devam et Domestik\">Okumaya Devam Et<\/span><\/a>","protected":false},"excerpt":{"rendered":"<p>Domestik Pompa DOMEST\u0130K POMPA S\u0130STEMLER\u0130Domestik pompalar\u0131 serisi ideal ve kullan\u0131\u015fl\u0131d\u0131r. Villa ve m\u00fcstakil tarz\u0131 bah\u00e7esi olan evlerde \u00e7ok verimli hem ev i\u00e7in hemde bah\u00e7e sulamalar\u0131nda alternatif su kaynaklar\u0131na eri\u015fmenizi sa\u011flar. Domestik pompalarla kuyu suyu, yeralt\u0131 suyu, ya\u011fmur suyu ve kaynak suyu pompalayabilir ve bah\u00e7enizi ekolojik bir \u015fekilde sulaman\u0131z\u0131 sa\u011flar. Dalg\u0131\u00e7 Su ve Pompa Teknolojileri yeralt\u0131 [&hellip;]<\/p>\n","protected":false},"author":1,"featured_media":0,"parent":0,"menu_order":0,"comment_status":"closed","ping_status":"closed","template":"elementor_header_footer","meta":{"rank_math_lock_modified_date":false,"footnotes":""},"_links":{"self":[{"href":"https:\/\/dalgichidrofor.com\/index.php?rest_route=\/wp\/v2\/pages\/894"}],"collection":[{"href":"https:\/\/dalgichidrofor.com\/index.php?rest_route=\/wp\/v2\/pages"}],"about":[{"href":"https:\/\/dalgichidrofor.com\/index.php?rest_route=\/wp\/v2\/types\/page"}],"author":[{"embeddable":true,"href":"https:\/\/dalgichidrofor.com\/index.php?rest_route=\/wp\/v2\/users\/1"}],"replies":[{"embeddable":true,"href":"https:\/\/dalgichidrofor.com\/index.php?rest_route=%2Fwp%2Fv2%2Fcomments&post=894"}],"version-history":[{"count":49,"href":"https:\/\/dalgichidrofor.com\/index.php?rest_route=\/wp\/v2\/pages\/894\/revisions"}],"predecessor-version":[{"id":982,"href":"https:\/\/dalgichidrofor.com\/index.php?rest_route=\/wp\/v2\/pages\/894\/revisions\/982"}],"wp:attachment":[{"href":"https:\/\/dalgichidrofor.com\/index.php?rest_route=%2Fwp%2Fv2%2Fmedia&parent=894"}],"curies":[{"name":"wp","href":"https:\/\/api.w.org\/{rel}","templated":true}]}}