{"id":852,"date":"2024-01-24T13:29:12","date_gmt":"2024-01-24T13:29:12","guid":{"rendered":"https:\/\/dalgichidrofor.com\/?page_id=852"},"modified":"2024-01-24T14:25:33","modified_gmt":"2024-01-24T14:25:33","slug":"dalgic","status":"publish","type":"page","link":"https:\/\/dalgichidrofor.com\/?page_id=852","title":{"rendered":"Dalg\u0131\u00e7"},"content":{"rendered":"\t\t<div data-elementor-type=\"wp-page\" data-elementor-id=\"852\" class=\"elementor elementor-852\">\n\t\t\t\t\t\t\t<div class=\"elementor-element elementor-element-9d8ccd5 e-flex e-con-boxed e-con e-parent\" data-id=\"9d8ccd5\" data-element_type=\"container\" data-settings=\"{&quot;content_width&quot;:&quot;boxed&quot;}\" data-core-v316-plus=\"true\">\n\t\t\t\t\t<div class=\"e-con-inner\">\n\t\t\t\t<div class=\"elementor-element elementor-element-8b759b1 elementor-widget elementor-widget-text-editor\" data-id=\"8b759b1\" data-element_type=\"widget\" data-widget_type=\"text-editor.default\">\n\t\t\t\t<div class=\"elementor-widget-container\">\n\t\t\t<style>\/*! elementor - v3.18.0 - 20-12-2023 *\/\n.elementor-widget-text-editor.elementor-drop-cap-view-stacked .elementor-drop-cap{background-color:#69727d;color:#fff}.elementor-widget-text-editor.elementor-drop-cap-view-framed .elementor-drop-cap{color:#69727d;border:3px solid;background-color:transparent}.elementor-widget-text-editor:not(.elementor-drop-cap-view-default) .elementor-drop-cap{margin-top:8px}.elementor-widget-text-editor:not(.elementor-drop-cap-view-default) .elementor-drop-cap-letter{width:1em;height:1em}.elementor-widget-text-editor .elementor-drop-cap{float:left;text-align:center;line-height:1;font-size:50px}.elementor-widget-text-editor .elementor-drop-cap-letter{display:inline-block}<\/style>\t\t\t\t<p>Dalg\u0131\u00e7 Pompa<\/p>\t\t\t\t\t\t<\/div>\n\t\t\t\t<\/div>\n\t\t\t\t\t<\/div>\n\t\t\t\t<\/div>\n\t\t<div class=\"elementor-element elementor-element-4902a59 e-flex e-con-boxed e-con e-parent\" data-id=\"4902a59\" data-element_type=\"container\" data-settings=\"{&quot;content_width&quot;:&quot;boxed&quot;}\" data-core-v316-plus=\"true\">\n\t\t\t\t\t<div class=\"e-con-inner\">\n\t\t<div class=\"elementor-element elementor-element-5989f1f e-con-full e-flex e-con e-child\" data-id=\"5989f1f\" data-element_type=\"container\" data-settings=\"{&quot;content_width&quot;:&quot;full&quot;}\">\n\t\t\t\t<div class=\"elementor-element elementor-element-2b61f63 elementor-arrows-position-inside elementor-widget elementor-widget-image-carousel\" data-id=\"2b61f63\" data-element_type=\"widget\" data-settings=\"{&quot;slides_to_show&quot;:&quot;1&quot;,&quot;navigation&quot;:&quot;arrows&quot;,&quot;autoplay&quot;:&quot;yes&quot;,&quot;pause_on_hover&quot;:&quot;yes&quot;,&quot;pause_on_interaction&quot;:&quot;yes&quot;,&quot;autoplay_speed&quot;:5000,&quot;infinite&quot;:&quot;yes&quot;,&quot;effect&quot;:&quot;slide&quot;,&quot;speed&quot;:500}\" data-widget_type=\"image-carousel.default\">\n\t\t\t\t<div class=\"elementor-widget-container\">\n\t\t\t<style>\/*! elementor - v3.18.0 - 20-12-2023 *\/\n.elementor-widget-image-carousel .swiper,.elementor-widget-image-carousel .swiper-container{position:static}.elementor-widget-image-carousel .swiper-container .swiper-slide figure,.elementor-widget-image-carousel .swiper .swiper-slide figure{line-height:inherit}.elementor-widget-image-carousel .swiper-slide{text-align:center}.elementor-image-carousel-wrapper:not(.swiper-container-initialized):not(.swiper-initialized) .swiper-slide{max-width:calc(100% \/ var(--e-image-carousel-slides-to-show, 3))}<\/style>\t\t<div class=\"elementor-image-carousel-wrapper swiper\" dir=\"ltr\">\n\t\t\t<div class=\"elementor-image-carousel swiper-wrapper\" aria-live=\"off\">\n\t\t\t\t\t\t\t\t<div class=\"swiper-slide\" role=\"group\" aria-roledescription=\"slide\" aria-label=\"1 \/ 4\"><figure class=\"swiper-slide-inner\"><img decoding=\"async\" class=\"swiper-slide-image\" src=\"https:\/\/dalgichidrofor.com\/wp-content\/uploads\/2024\/01\/mersin-dalgic-hidrofor-1-768x576.jpg\" alt=\"mersin-dalgic-hidrofor-1\" \/><\/figure><\/div><div class=\"swiper-slide\" role=\"group\" aria-roledescription=\"slide\" aria-label=\"2 \/ 4\"><figure class=\"swiper-slide-inner\"><img decoding=\"async\" class=\"swiper-slide-image\" src=\"https:\/\/dalgichidrofor.com\/wp-content\/uploads\/2024\/01\/mersin-dalgic-hidrofor-2-768x576.jpg\" alt=\"mersin-dalgic-hidrofor-2\" \/><\/figure><\/div><div class=\"swiper-slide\" role=\"group\" aria-roledescription=\"slide\" aria-label=\"3 \/ 4\"><figure class=\"swiper-slide-inner\"><img decoding=\"async\" class=\"swiper-slide-image\" src=\"https:\/\/dalgichidrofor.com\/wp-content\/uploads\/2024\/01\/mersin-dalgic-hidrofor-3-768x576.jpg\" alt=\"mersin-dalgic-hidrofor-3\" \/><\/figure><\/div><div class=\"swiper-slide\" role=\"group\" aria-roledescription=\"slide\" aria-label=\"4 \/ 4\"><figure class=\"swiper-slide-inner\"><img decoding=\"async\" class=\"swiper-slide-image\" src=\"https:\/\/dalgichidrofor.com\/wp-content\/uploads\/2024\/01\/mersin-dalgic-hidrofor-4-768x576.jpg\" alt=\"mersin-dalgic-hidrofor-4\" \/><\/figure><\/div>\t\t\t<\/div>\n\t\t\t\t\t\t\t\t\t\t\t\t<div class=\"elementor-swiper-button elementor-swiper-button-prev\" role=\"button\" tabindex=\"0\">\n\t\t\t\t\t\t<svg aria-hidden=\"true\" class=\"e-font-icon-svg e-eicon-chevron-left\" viewBox=\"0 0 1000 1000\" xmlns=\"http:\/\/www.w3.org\/2000\/svg\"><path d=\"M646 125C629 125 613 133 604 142L308 442C296 454 292 471 292 487 292 504 296 521 308 533L604 854C617 867 629 875 646 875 663 875 679 871 692 858 704 846 713 829 713 812 713 796 708 779 692 767L438 487 692 225C700 217 708 204 708 187 708 171 704 154 692 142 675 129 663 125 646 125Z\"><\/path><\/svg>\t\t\t\t\t<\/div>\n\t\t\t\t\t<div class=\"elementor-swiper-button elementor-swiper-button-next\" role=\"button\" tabindex=\"0\">\n\t\t\t\t\t\t<svg aria-hidden=\"true\" class=\"e-font-icon-svg e-eicon-chevron-right\" viewBox=\"0 0 1000 1000\" xmlns=\"http:\/\/www.w3.org\/2000\/svg\"><path d=\"M696 533C708 521 713 504 713 487 713 471 708 454 696 446L400 146C388 133 375 125 354 125 338 125 325 129 313 142 300 154 292 171 292 187 292 204 296 221 308 233L563 492 304 771C292 783 288 800 288 817 288 833 296 850 308 863 321 871 338 875 354 875 371 875 388 867 400 854L696 533Z\"><\/path><\/svg>\t\t\t\t\t<\/div>\n\t\t\t\t\n\t\t\t\t\t\t\t\t\t<\/div>\n\t\t\t\t<\/div>\n\t\t\t\t<\/div>\n\t\t\t\t<\/div>\n\t\t<div class=\"elementor-element elementor-element-5806def e-con-full e-flex e-con e-child\" data-id=\"5806def\" data-element_type=\"container\" data-settings=\"{&quot;content_width&quot;:&quot;full&quot;}\">\n\t\t\t\t<div class=\"elementor-element elementor-element-65fac4c elementor-widget elementor-widget-text-editor\" data-id=\"65fac4c\" data-element_type=\"widget\" data-widget_type=\"text-editor.default\">\n\t\t\t\t<div class=\"elementor-widget-container\">\n\t\t\t\t\t\t\t<p>DALGI\u00c7 POMPA S\u0130STEMLER\u0130<br \/>mevcut su kaynaklar\u0131n yetersiz kald\u0131g\u0131 durumlarda yeralt\u0131 sular\u0131n\u0131n \u00e7\u0131kar\u0131lmas\u0131nda dalg\u0131\u00e7 pompa en b\u00fcy\u00fck yard\u0131mc\u0131n\u0131zd\u0131r. \u015eehir su \u015febekesinin yetersiz kald\u0131\u011f\u0131 durumlarda susuzluk problemini yeralt\u0131 sular\u0131n\u0131n kullan\u0131larak giderilmesine olanak sa\u011flar. Dalg\u0131\u00e7 pompa Apartmanlarda kuyu suyu kullan\u0131m\u0131nda, Bah\u00e7e ve tar\u0131msal alanlar\u0131n sulanmas\u0131nda, seralarda ve hayvanc\u0131l\u0131k i\u00e7in su temini ihtiyac\u0131n\u0131z\u0131 kar\u015f\u0131lar. Deneyimli kadromuz ve teknolojiye uygun ekipmanlar\u0131m\u0131z ile m\u00fc\u015fterilerimize cazip fiyatl\u0131 montaj hizmeti sunmaktay\u0131z. Dalg\u0131\u00e7 pompa s\u00f6kme vin\u00e7lerimiz ve teknolojiye uygun aparatlar\u0131m\u0131z ile h\u0131zl\u0131 ve sorunsuz \u00e7\u00f6z\u00fcmler \u00fcretiyoruz.<\/p><p>KULLANIM ALANLARI<br \/>&#8211; Su Temini<br \/>&#8211; Sulama Sistemleri<br \/>&#8211; Zemin Suyu Al\u00e7altma<br \/>&#8211; Bas\u0131n\u00e7land\u0131rma<br \/>&#8211; End\u00fcstriyel Uygulama<br \/>&#8211; Temiz, i\u00e7inde lif ve kat\u0131 maddeler bulunmayan, agresif olmayan s\u0131v\u0131lar\u0131n pompalanmas\u0131<\/p>\t\t\t\t\t\t<\/div>\n\t\t\t\t<\/div>\n\t\t\t\t<\/div>\n\t\t\t\t\t<\/div>\n\t\t\t\t<\/div>\n\t\t<div class=\"elementor-element elementor-element-b3ee8b8 e-flex e-con-boxed e-con e-parent\" data-id=\"b3ee8b8\" data-element_type=\"container\" data-settings=\"{&quot;content_width&quot;:&quot;boxed&quot;}\" data-core-v316-plus=\"true\">\n\t\t\t\t\t<div class=\"e-con-inner\">\n\t\t<div class=\"elementor-element elementor-element-79c4355 e-con-full e-flex e-con e-child\" data-id=\"79c4355\" data-element_type=\"container\" data-settings=\"{&quot;content_width&quot;:&quot;full&quot;}\">\n\t\t\t\t<div class=\"elementor-element elementor-element-766c4fd elementor-widget elementor-widget-image\" data-id=\"766c4fd\" data-element_type=\"widget\" data-widget_type=\"image.default\">\n\t\t\t\t<div class=\"elementor-widget-container\">\n\t\t\t<style>\/*! elementor - v3.18.0 - 20-12-2023 *\/\n.elementor-widget-image{text-align:center}.elementor-widget-image a{display:inline-block}.elementor-widget-image a img[src$=\".svg\"]{width:48px}.elementor-widget-image img{vertical-align:middle;display:inline-block}<\/style>\t\t\t\t\t\t\t\t\t\t\t\t<img fetchpriority=\"high\" decoding=\"async\" width=\"359\" height=\"240\" src=\"https:\/\/dalgichidrofor.com\/wp-content\/uploads\/2024\/01\/Dal1.jpg\" class=\"attachment-large size-large wp-image-882\" alt=\"\" srcset=\"https:\/\/dalgichidrofor.com\/wp-content\/uploads\/2024\/01\/Dal1.jpg 359w, https:\/\/dalgichidrofor.com\/wp-content\/uploads\/2024\/01\/Dal1-300x201.jpg 300w\" sizes=\"(max-width: 359px) 100vw, 359px\" \/>\t\t\t\t\t\t\t\t\t\t\t\t\t\t\t<\/div>\n\t\t\t\t<\/div>\n\t\t\t\t<\/div>\n\t\t<div class=\"elementor-element elementor-element-ed3c9c1 e-con-full e-flex e-con e-child\" data-id=\"ed3c9c1\" data-element_type=\"container\" data-settings=\"{&quot;content_width&quot;:&quot;full&quot;}\">\n\t\t\t\t<div class=\"elementor-element elementor-element-9de6bc5 elementor-widget elementor-widget-image\" data-id=\"9de6bc5\" data-element_type=\"widget\" data-widget_type=\"image.default\">\n\t\t\t\t<div class=\"elementor-widget-container\">\n\t\t\t\t\t\t\t\t\t\t\t\t\t\t\t<img decoding=\"async\" width=\"359\" height=\"240\" src=\"https:\/\/dalgichidrofor.com\/wp-content\/uploads\/2024\/01\/Dal2.jpg\" class=\"attachment-large size-large wp-image-883\" alt=\"\" srcset=\"https:\/\/dalgichidrofor.com\/wp-content\/uploads\/2024\/01\/Dal2.jpg 359w, https:\/\/dalgichidrofor.com\/wp-content\/uploads\/2024\/01\/Dal2-300x201.jpg 300w\" sizes=\"(max-width: 359px) 100vw, 359px\" \/>\t\t\t\t\t\t\t\t\t\t\t\t\t\t\t<\/div>\n\t\t\t\t<\/div>\n\t\t\t\t<\/div>\n\t\t<div class=\"elementor-element elementor-element-a48aae8 e-con-full e-flex e-con e-child\" data-id=\"a48aae8\" data-element_type=\"container\" data-settings=\"{&quot;content_width&quot;:&quot;full&quot;}\">\n\t\t\t\t<div class=\"elementor-element elementor-element-31eb438 elementor-widget elementor-widget-image\" data-id=\"31eb438\" data-element_type=\"widget\" data-widget_type=\"image.default\">\n\t\t\t\t<div class=\"elementor-widget-container\">\n\t\t\t\t\t\t\t\t\t\t\t\t\t\t\t<img decoding=\"async\" width=\"359\" height=\"240\" src=\"https:\/\/dalgichidrofor.com\/wp-content\/uploads\/2024\/01\/Dal3.jpg\" class=\"attachment-large size-large wp-image-884\" alt=\"\" srcset=\"https:\/\/dalgichidrofor.com\/wp-content\/uploads\/2024\/01\/Dal3.jpg 359w, https:\/\/dalgichidrofor.com\/wp-content\/uploads\/2024\/01\/Dal3-300x201.jpg 300w\" sizes=\"(max-width: 359px) 100vw, 359px\" \/>\t\t\t\t\t\t\t\t\t\t\t\t\t\t\t<\/div>\n\t\t\t\t<\/div>\n\t\t\t\t<\/div>\n\t\t<div class=\"elementor-element elementor-element-e7584e0 e-con-full e-flex e-con e-child\" data-id=\"e7584e0\" data-element_type=\"container\" data-settings=\"{&quot;content_width&quot;:&quot;full&quot;}\">\n\t\t\t\t<div class=\"elementor-element elementor-element-8de2a85 elementor-widget elementor-widget-image\" data-id=\"8de2a85\" data-element_type=\"widget\" data-widget_type=\"image.default\">\n\t\t\t\t<div class=\"elementor-widget-container\">\n\t\t\t\t\t\t\t\t\t\t\t\t\t\t\t<img loading=\"lazy\" decoding=\"async\" width=\"359\" height=\"240\" src=\"https:\/\/dalgichidrofor.com\/wp-content\/uploads\/2024\/01\/Dal4.jpg\" class=\"attachment-large size-large wp-image-885\" alt=\"\" srcset=\"https:\/\/dalgichidrofor.com\/wp-content\/uploads\/2024\/01\/Dal4.jpg 359w, https:\/\/dalgichidrofor.com\/wp-content\/uploads\/2024\/01\/Dal4-300x201.jpg 300w\" sizes=\"(max-width: 359px) 100vw, 359px\" \/>\t\t\t\t\t\t\t\t\t\t\t\t\t\t\t<\/div>\n\t\t\t\t<\/div>\n\t\t\t\t<\/div>\n\t\t<div class=\"elementor-element elementor-element-b05fa66 e-con-full e-flex e-con e-child\" data-id=\"b05fa66\" data-element_type=\"container\" data-settings=\"{&quot;content_width&quot;:&quot;full&quot;}\">\n\t\t\t\t<div class=\"elementor-element elementor-element-9cb3506 elementor-widget elementor-widget-image\" data-id=\"9cb3506\" data-element_type=\"widget\" data-widget_type=\"image.default\">\n\t\t\t\t<div class=\"elementor-widget-container\">\n\t\t\t\t\t\t\t\t\t\t\t\t\t\t\t<img loading=\"lazy\" decoding=\"async\" width=\"359\" height=\"240\" src=\"https:\/\/dalgichidrofor.com\/wp-content\/uploads\/2024\/01\/Dal5.jpg\" class=\"attachment-large size-large wp-image-886\" alt=\"\" srcset=\"https:\/\/dalgichidrofor.com\/wp-content\/uploads\/2024\/01\/Dal5.jpg 359w, https:\/\/dalgichidrofor.com\/wp-content\/uploads\/2024\/01\/Dal5-300x201.jpg 300w\" sizes=\"(max-width: 359px) 100vw, 359px\" \/>\t\t\t\t\t\t\t\t\t\t\t\t\t\t\t<\/div>\n\t\t\t\t<\/div>\n\t\t\t\t<\/div>\n\t\t<div class=\"elementor-element elementor-element-e5ded04 e-con-full e-flex e-con e-child\" data-id=\"e5ded04\" data-element_type=\"container\" data-settings=\"{&quot;content_width&quot;:&quot;full&quot;}\">\n\t\t\t\t<div class=\"elementor-element elementor-element-0d66aee elementor-widget elementor-widget-image\" data-id=\"0d66aee\" data-element_type=\"widget\" data-widget_type=\"image.default\">\n\t\t\t\t<div class=\"elementor-widget-container\">\n\t\t\t\t\t\t\t\t\t\t\t\t\t\t\t<img loading=\"lazy\" decoding=\"async\" width=\"359\" height=\"240\" src=\"https:\/\/dalgichidrofor.com\/wp-content\/uploads\/2024\/01\/Dal6.jpg\" class=\"attachment-large size-large wp-image-887\" alt=\"\" srcset=\"https:\/\/dalgichidrofor.com\/wp-content\/uploads\/2024\/01\/Dal6.jpg 359w, https:\/\/dalgichidrofor.com\/wp-content\/uploads\/2024\/01\/Dal6-300x201.jpg 300w\" sizes=\"(max-width: 359px) 100vw, 359px\" \/>\t\t\t\t\t\t\t\t\t\t\t\t\t\t\t<\/div>\n\t\t\t\t<\/div>\n\t\t\t\t<\/div>\n\t\t\t\t\t<\/div>\n\t\t\t\t<\/div>\n\t\t\t\t\t\t\t<\/div>\n\t\t","protected":false},"excerpt":{"rendered":"<p>Dalg\u0131\u00e7 Pompa DALGI\u00c7 POMPA S\u0130STEMLER\u0130mevcut su kaynaklar\u0131n yetersiz kald\u0131g\u0131 durumlarda yeralt\u0131 sular\u0131n\u0131n \u00e7\u0131kar\u0131lmas\u0131nda dalg\u0131\u00e7 pompa en b\u00fcy\u00fck yard\u0131mc\u0131n\u0131zd\u0131r. \u015eehir su \u015febekesinin yetersiz kald\u0131\u011f\u0131 durumlarda susuzluk problemini yeralt\u0131 sular\u0131n\u0131n kullan\u0131larak giderilmesine olanak sa\u011flar. Dalg\u0131\u00e7 pompa Apartmanlarda kuyu suyu kullan\u0131m\u0131nda, Bah\u00e7e ve tar\u0131msal alanlar\u0131n sulanmas\u0131nda, seralarda ve hayvanc\u0131l\u0131k i\u00e7in su temini ihtiyac\u0131n\u0131z\u0131 kar\u015f\u0131lar. Deneyimli kadromuz ve teknolojiye [&hellip;]<\/p>\n","protected":false},"author":1,"featured_media":0,"parent":0,"menu_order":0,"comment_status":"closed","ping_status":"closed","template":"elementor_header_footer","meta":{"rank_math_lock_modified_date":false,"footnotes":""},"_links":{"self":[{"href":"https:\/\/dalgichidrofor.com\/index.php?rest_route=\/wp\/v2\/pages\/852"}],"collection":[{"href":"https:\/\/dalgichidrofor.com\/index.php?rest_route=\/wp\/v2\/pages"}],"about":[{"href":"https:\/\/dalgichidrofor.com\/index.php?rest_route=\/wp\/v2\/types\/page"}],"author":[{"embeddable":true,"href":"https:\/\/dalgichidrofor.com\/index.php?rest_route=\/wp\/v2\/users\/1"}],"replies":[{"embeddable":true,"href":"https:\/\/dalgichidrofor.com\/index.php?rest_route=%2Fwp%2Fv2%2Fcomments&post=852"}],"version-history":[{"count":25,"href":"https:\/\/dalgichidrofor.com\/index.php?rest_route=\/wp\/v2\/pages\/852\/revisions"}],"predecessor-version":[{"id":893,"href":"https:\/\/dalgichidrofor.com\/index.php?rest_route=\/wp\/v2\/pages\/852\/revisions\/893"}],"wp:attachment":[{"href":"https:\/\/dalgichidrofor.com\/index.php?rest_route=%2Fwp%2Fv2%2Fmedia&parent=852"}],"curies":[{"name":"wp","href":"https:\/\/api.w.org\/{rel}","templated":true}]}}