{"id":661,"date":"2024-01-23T15:02:12","date_gmt":"2024-01-23T15:02:12","guid":{"rendered":"https:\/\/dalgichidrofor.com\/?page_id=661"},"modified":"2024-01-29T11:02:35","modified_gmt":"2024-01-29T11:02:35","slug":"hakkimizda","status":"publish","type":"page","link":"https:\/\/dalgichidrofor.com\/?page_id=661","title":{"rendered":"Hakk\u0131m\u0131zda"},"content":{"rendered":"\t\t<div data-elementor-type=\"wp-page\" data-elementor-id=\"661\" class=\"elementor elementor-661\">\n\t\t\t\t\t\t\t<div class=\"elementor-element elementor-element-54cda26 e-flex e-con-boxed e-con e-parent\" data-id=\"54cda26\" data-element_type=\"container\" data-settings=\"{&quot;content_width&quot;:&quot;boxed&quot;}\" data-core-v316-plus=\"true\">\n\t\t\t\t\t<div class=\"e-con-inner\">\n\t\t<div class=\"elementor-element elementor-element-e7962cd e-flex e-con-boxed e-con e-child\" data-id=\"e7962cd\" data-element_type=\"container\" data-settings=\"{&quot;content_width&quot;:&quot;boxed&quot;}\">\n\t\t\t\t\t<div class=\"e-con-inner\">\n\t\t\t\t<div class=\"elementor-element elementor-element-f236b85 elementor-widget elementor-widget-text-editor\" data-id=\"f236b85\" data-element_type=\"widget\" data-widget_type=\"text-editor.default\">\n\t\t\t\t<div class=\"elementor-widget-container\">\n\t\t\t<style>\/*! elementor - v3.18.0 - 20-12-2023 *\/\n.elementor-widget-text-editor.elementor-drop-cap-view-stacked .elementor-drop-cap{background-color:#69727d;color:#fff}.elementor-widget-text-editor.elementor-drop-cap-view-framed .elementor-drop-cap{color:#69727d;border:3px solid;background-color:transparent}.elementor-widget-text-editor:not(.elementor-drop-cap-view-default) .elementor-drop-cap{margin-top:8px}.elementor-widget-text-editor:not(.elementor-drop-cap-view-default) .elementor-drop-cap-letter{width:1em;height:1em}.elementor-widget-text-editor .elementor-drop-cap{float:left;text-align:center;line-height:1;font-size:50px}.elementor-widget-text-editor .elementor-drop-cap-letter{display:inline-block}<\/style>\t\t\t\t<p>Hakk\u0131m\u0131zda<\/p>\t\t\t\t\t\t<\/div>\n\t\t\t\t<\/div>\n\t\t\t\t\t<\/div>\n\t\t\t\t<\/div>\n\t\t\t\t\t<\/div>\n\t\t\t\t<\/div>\n\t\t<div class=\"elementor-element elementor-element-3aa0679 e-flex e-con-boxed e-con e-parent\" data-id=\"3aa0679\" data-element_type=\"container\" data-settings=\"{&quot;content_width&quot;:&quot;boxed&quot;}\" data-core-v316-plus=\"true\">\n\t\t\t\t\t<div class=\"e-con-inner\">\n\t\t<div class=\"elementor-element elementor-element-807d23a e-con-full e-flex e-con e-child\" data-id=\"807d23a\" data-element_type=\"container\" data-settings=\"{&quot;content_width&quot;:&quot;full&quot;}\">\n\t\t\t\t<div class=\"elementor-element elementor-element-c7a9cf4 elementor-widget elementor-widget-text-editor\" data-id=\"c7a9cf4\" data-element_type=\"widget\" data-widget_type=\"text-editor.default\">\n\t\t\t\t<div class=\"elementor-widget-container\">\n\t\t\t\t\t\t\t<div class=\"elementor-element elementor-element-3bc9033 e-flex e-con-boxed e-con e-parent\" data-id=\"3bc9033\" data-element_type=\"container\" data-settings=\"{&quot;content_width&quot;:&quot;boxed&quot;}\" data-core-v316-plus=\"true\"><div class=\"e-con-inner\"><div class=\"elementor-element elementor-element-1b7c3cc elementor-widget elementor-widget-text-editor\" data-id=\"1b7c3cc\" data-element_type=\"widget\" data-widget_type=\"text-editor.default\"><div class=\"elementor-widget-container\">Mersin Dalg\u0131\u00e7 Hidrofor; Mersin\u2019de bu sekt\u00f6rdeki ilk firmalardan biri olmaktad\u0131r. Uzun y\u0131llar\u0131n verdi\u011fi bilgi birikimi ve tecr\u00fcbe ile siz de\u011ferli m\u00fc\u015fterilerinin hizmetindedir. Kaliteli i\u015fi uygun fiyata yapmay\u0131 kendine prensip edinmi\u015f Dalg\u0131\u00e7 Hidrofor ile i\u015fleriniz art\u0131k daha kolay.<\/div><\/div><\/div><\/div><div class=\"elementor-element elementor-element-a0724a5 e-flex e-con-boxed e-con e-parent\" data-id=\"a0724a5\" data-element_type=\"container\" data-settings=\"{&quot;content_width&quot;:&quot;boxed&quot;}\" data-core-v316-plus=\"true\"><div class=\"e-con-inner\"><div class=\"elementor-element elementor-element-59228ae e-con-full e-flex e-con e-child\" data-id=\"59228ae\" data-element_type=\"container\" data-settings=\"{&quot;content_width&quot;:&quot;full&quot;}\"><div class=\"elementor-element elementor-element-36f4667 elementor-widget elementor-widget-text-editor\" data-id=\"36f4667\" data-element_type=\"widget\" data-widget_type=\"text-editor.default\"><div class=\"elementor-widget-container\"><p><strong>\u00a0 <\/strong><strong>Faaliyet konular\u0131m\u0131z<\/strong><\/p><p>&#8211;\u00a0 \u00a0STANDART \u00a0\u00a0\u00a0\u00a0\u00a0\u00a0\u00a0pompa yetkili servisli\u011fi<\/p><p>&#8211;\u00a0\u00a0 TEKNOPOMP \u00a0\u00a0\u00a0pompa yetkili servisli\u011fi<\/p><p>&#8211;\u00a0\u00a0 IPEXPUMP\u00a0\u00a0\u00a0\u00a0\u00a0\u00a0\u00a0\u00a0 diyaframl\u0131 pompa bayi ve servisli\u011fi<\/p><p>&#8211;\u00a0\u00a0 WORTEX\u00a0\u00a0\u00a0\u00a0\u00a0\u00a0\u00a0\u00a0\u00a0\u00a0 \u00a0pompa bayi ve yetkili servisli\u011fi<\/p><p>\u00a0<\/p><p>&#8211;\u00a0 \u00a0Hidrofor sistemleri imalat\u0131 ve montaj\u0131<\/p><p>&#8211;\u00a0\u00a0 Tar\u0131m , in\u015faat ve sanayide kullan\u0131lan her t\u00fcrl\u00fc s\u0131v\u0131 transfer ve<\/p><p>\u00a0\u00a0\u00a0\u00a0\u00a0 bas\u0131n\u00e7land\u0131rmada kullan\u0131lan pompa ve hidroforlar\u0131n sat\u0131\u015f ve montaj\u0131<\/p><p>&#8211;\u00a0\u00a0 Su sondaj\u0131 yap\u0131m\u0131 ( Anahtar teslimi )<\/p><p>&#8211;\u00a0\u00a0 Dalg\u0131\u00e7 sat\u0131\u015f ve montaj\u0131<\/p><p>&#8211;\u00a0\u00a0 Yang\u0131n sistemleri kurulumu<\/p><p>&#8211;\u00a0\u00a0 Mod\u00fcler ve polietilen dahil her t\u00fcrl\u00fc su depolama tanklar\u0131 kurulumu<\/p><p>&#8211;\u00a0\u00a0 Plastik ve \u00e7elik boru isale hatlar\u0131 d\u00f6\u015feme i\u015fi<\/p><p>&#8211;\u00a0\u00a0 Toplu g\u00fcne\u015f enerji su \u0131s\u0131tma sistemleri kurulumu<\/p><p>&#8211;\u00a0\u00a0 Is\u0131tma sistemleri kurulumu\u00a0\u00a0\u00a0\u00a0\u00a0<\/p><p>&#8211;\u00a0\u00a0 At\u0131k su ve drenaj tip dalg\u0131\u00e7 pompa sistemleri kurulumu<\/p><p>&#8211;\u00a0\u00a0 Pompalama sistemlerine ait su ve elektrik tesisat i\u015fleri<\/p><\/div><\/div><\/div><\/div><\/div>\t\t\t\t\t\t<\/div>\n\t\t\t\t<\/div>\n\t\t\t\t<\/div>\n\t\t<div class=\"elementor-element elementor-element-79d2c8f e-con-full e-flex e-con e-child\" data-id=\"79d2c8f\" data-element_type=\"container\" data-settings=\"{&quot;content_width&quot;:&quot;full&quot;}\">\n\t\t\t\t<div class=\"elementor-element elementor-element-fd9aa1f elementor-widget elementor-widget-image\" data-id=\"fd9aa1f\" data-element_type=\"widget\" data-widget_type=\"image.default\">\n\t\t\t\t<div class=\"elementor-widget-container\">\n\t\t\t<style>\/*! elementor - v3.18.0 - 20-12-2023 *\/\n.elementor-widget-image{text-align:center}.elementor-widget-image a{display:inline-block}.elementor-widget-image a img[src$=\".svg\"]{width:48px}.elementor-widget-image img{vertical-align:middle;display:inline-block}<\/style>\t\t\t\t\t\t\t\t\t\t\t\t<img fetchpriority=\"high\" decoding=\"async\" width=\"319\" height=\"387\" src=\"https:\/\/dalgichidrofor.com\/wp-content\/uploads\/2024\/01\/Hak-image-1.jpg\" class=\"attachment-large size-large wp-image-471\" alt=\"\" srcset=\"https:\/\/dalgichidrofor.com\/wp-content\/uploads\/2024\/01\/Hak-image-1.jpg 319w, https:\/\/dalgichidrofor.com\/wp-content\/uploads\/2024\/01\/Hak-image-1-247x300.jpg 247w\" sizes=\"(max-width: 319px) 100vw, 319px\" \/>\t\t\t\t\t\t\t\t\t\t\t\t\t\t\t<\/div>\n\t\t\t\t<\/div>\n\t\t\t\t<\/div>\n\t\t\t\t\t<\/div>\n\t\t\t\t<\/div>\n\t\t<div class=\"elementor-element elementor-element-2a77742 e-con-full e-flex e-con e-parent\" data-id=\"2a77742\" data-element_type=\"container\" data-settings=\"{&quot;content_width&quot;:&quot;full&quot;}\" data-core-v316-plus=\"true\">\n\t\t<div class=\"elementor-element elementor-element-d28e790 e-transform e-flex e-con-boxed e-con e-child\" data-id=\"d28e790\" data-element_type=\"container\" data-settings=\"{&quot;_transform_translateY_effect&quot;:{&quot;unit&quot;:&quot;px&quot;,&quot;size&quot;:2,&quot;sizes&quot;:[]},&quot;content_width&quot;:&quot;boxed&quot;,&quot;_transform_translateX_effect&quot;:{&quot;unit&quot;:&quot;px&quot;,&quot;size&quot;:&quot;&quot;,&quot;sizes&quot;:[]},&quot;_transform_translateX_effect_tablet&quot;:{&quot;unit&quot;:&quot;px&quot;,&quot;size&quot;:&quot;&quot;,&quot;sizes&quot;:[]},&quot;_transform_translateX_effect_mobile&quot;:{&quot;unit&quot;:&quot;px&quot;,&quot;size&quot;:&quot;&quot;,&quot;sizes&quot;:[]},&quot;_transform_translateY_effect_tablet&quot;:{&quot;unit&quot;:&quot;px&quot;,&quot;size&quot;:&quot;&quot;,&quot;sizes&quot;:[]},&quot;_transform_translateY_effect_mobile&quot;:{&quot;unit&quot;:&quot;px&quot;,&quot;size&quot;:&quot;&quot;,&quot;sizes&quot;:[]}}\">\n\t\t\t\t\t<div class=\"e-con-inner\">\n\t\t\t\t<div class=\"elementor-element elementor-element-811d36a elementor-widget elementor-widget-text-editor\" data-id=\"811d36a\" data-element_type=\"widget\" data-widget_type=\"text-editor.default\">\n\t\t\t\t<div class=\"elementor-widget-container\">\n\t\t\t\t\t\t\t\t\t\t\t\t\t<\/div>\n\t\t\t\t<\/div>\n\t\t\t\t\t<\/div>\n\t\t\t\t<\/div>\n\t\t\t\t<\/div>\n\t\t\t\t\t\t\t<\/div>\n\t\t","protected":false},"excerpt":{"rendered":"<p>Hakk\u0131m\u0131zda Mersin Dalg\u0131\u00e7 Hidrofor; Mersin\u2019de bu sekt\u00f6rdeki ilk firmalardan biri olmaktad\u0131r. Uzun y\u0131llar\u0131n verdi\u011fi bilgi birikimi ve tecr\u00fcbe ile siz de\u011ferli m\u00fc\u015fterilerinin hizmetindedir. Kaliteli i\u015fi uygun fiyata yapmay\u0131 kendine prensip edinmi\u015f Dalg\u0131\u00e7 Hidrofor ile i\u015fleriniz art\u0131k daha kolay. \u00a0 Faaliyet konular\u0131m\u0131z &#8211;\u00a0 \u00a0STANDART \u00a0\u00a0\u00a0\u00a0\u00a0\u00a0\u00a0pompa yetkili servisli\u011fi &#8211;\u00a0\u00a0 TEKNOPOMP \u00a0\u00a0\u00a0pompa yetkili servisli\u011fi &#8211;\u00a0\u00a0 IPEXPUMP\u00a0\u00a0\u00a0\u00a0\u00a0\u00a0\u00a0\u00a0 diyaframl\u0131 pompa [&hellip;]<\/p>\n","protected":false},"author":1,"featured_media":0,"parent":0,"menu_order":0,"comment_status":"closed","ping_status":"closed","template":"elementor_header_footer","meta":{"rank_math_lock_modified_date":false,"footnotes":""},"_links":{"self":[{"href":"https:\/\/dalgichidrofor.com\/index.php?rest_route=\/wp\/v2\/pages\/661"}],"collection":[{"href":"https:\/\/dalgichidrofor.com\/index.php?rest_route=\/wp\/v2\/pages"}],"about":[{"href":"https:\/\/dalgichidrofor.com\/index.php?rest_route=\/wp\/v2\/types\/page"}],"author":[{"embeddable":true,"href":"https:\/\/dalgichidrofor.com\/index.php?rest_route=\/wp\/v2\/users\/1"}],"replies":[{"embeddable":true,"href":"https:\/\/dalgichidrofor.com\/index.php?rest_route=%2Fwp%2Fv2%2Fcomments&post=661"}],"version-history":[{"count":40,"href":"https:\/\/dalgichidrofor.com\/index.php?rest_route=\/wp\/v2\/pages\/661\/revisions"}],"predecessor-version":[{"id":1271,"href":"https:\/\/dalgichidrofor.com\/index.php?rest_route=\/wp\/v2\/pages\/661\/revisions\/1271"}],"wp:attachment":[{"href":"https:\/\/dalgichidrofor.com\/index.php?rest_route=%2Fwp%2Fv2%2Fmedia&parent=661"}],"curies":[{"name":"wp","href":"https:\/\/api.w.org\/{rel}","templated":true}]}}