{"id":656,"date":"2024-01-23T14:51:55","date_gmt":"2024-01-23T14:51:55","guid":{"rendered":"https:\/\/dalgichidrofor.com\/?page_id=656"},"modified":"2024-01-24T12:56:50","modified_gmt":"2024-01-24T12:56:50","slug":"hidrofor-pompa","status":"publish","type":"page","link":"https:\/\/dalgichidrofor.com\/?page_id=656","title":{"rendered":"hidrofor"},"content":{"rendered":"\t\t<div data-elementor-type=\"wp-page\" data-elementor-id=\"656\" class=\"elementor elementor-656\">\n\t\t\t\t\t\t\t<div class=\"elementor-element elementor-element-44058ab e-flex e-con-boxed e-con e-parent\" data-id=\"44058ab\" data-element_type=\"container\" data-settings=\"{&quot;content_width&quot;:&quot;boxed&quot;}\" data-core-v316-plus=\"true\">\n\t\t\t\t\t<div class=\"e-con-inner\">\n\t\t\t\t<div class=\"elementor-element elementor-element-545efcd elementor-widget elementor-widget-text-editor\" data-id=\"545efcd\" data-element_type=\"widget\" data-widget_type=\"text-editor.default\">\n\t\t\t\t<div class=\"elementor-widget-container\">\n\t\t\t<style>\/*! elementor - v3.18.0 - 20-12-2023 *\/\n.elementor-widget-text-editor.elementor-drop-cap-view-stacked .elementor-drop-cap{background-color:#69727d;color:#fff}.elementor-widget-text-editor.elementor-drop-cap-view-framed .elementor-drop-cap{color:#69727d;border:3px solid;background-color:transparent}.elementor-widget-text-editor:not(.elementor-drop-cap-view-default) .elementor-drop-cap{margin-top:8px}.elementor-widget-text-editor:not(.elementor-drop-cap-view-default) .elementor-drop-cap-letter{width:1em;height:1em}.elementor-widget-text-editor .elementor-drop-cap{float:left;text-align:center;line-height:1;font-size:50px}.elementor-widget-text-editor .elementor-drop-cap-letter{display:inline-block}<\/style>\t\t\t\t<p>Hidrofor Pompa<\/p>\t\t\t\t\t\t<\/div>\n\t\t\t\t<\/div>\n\t\t\t\t\t<\/div>\n\t\t\t\t<\/div>\n\t\t<div class=\"elementor-element elementor-element-8a6bf5d e-flex e-con-boxed e-con e-parent\" data-id=\"8a6bf5d\" data-element_type=\"container\" data-settings=\"{&quot;content_width&quot;:&quot;boxed&quot;}\" data-core-v316-plus=\"true\">\n\t\t\t\t\t<div class=\"e-con-inner\">\n\t\t<div class=\"elementor-element elementor-element-7209868 e-con-full e-flex e-con e-child\" data-id=\"7209868\" data-element_type=\"container\" data-settings=\"{&quot;content_width&quot;:&quot;full&quot;}\">\n\t\t\t\t<div class=\"elementor-element elementor-element-decbe26 elementor-arrows-position-inside elementor-widget elementor-widget-image-carousel\" data-id=\"decbe26\" data-element_type=\"widget\" data-settings=\"{&quot;slides_to_show&quot;:&quot;1&quot;,&quot;navigation&quot;:&quot;arrows&quot;,&quot;autoplay&quot;:&quot;yes&quot;,&quot;pause_on_hover&quot;:&quot;yes&quot;,&quot;pause_on_interaction&quot;:&quot;yes&quot;,&quot;autoplay_speed&quot;:5000,&quot;infinite&quot;:&quot;yes&quot;,&quot;effect&quot;:&quot;slide&quot;,&quot;speed&quot;:500}\" data-widget_type=\"image-carousel.default\">\n\t\t\t\t<div class=\"elementor-widget-container\">\n\t\t\t<style>\/*! elementor - v3.18.0 - 20-12-2023 *\/\n.elementor-widget-image-carousel .swiper,.elementor-widget-image-carousel .swiper-container{position:static}.elementor-widget-image-carousel .swiper-container .swiper-slide figure,.elementor-widget-image-carousel .swiper .swiper-slide figure{line-height:inherit}.elementor-widget-image-carousel .swiper-slide{text-align:center}.elementor-image-carousel-wrapper:not(.swiper-container-initialized):not(.swiper-initialized) .swiper-slide{max-width:calc(100% \/ var(--e-image-carousel-slides-to-show, 3))}<\/style>\t\t<div class=\"elementor-image-carousel-wrapper swiper\" dir=\"ltr\">\n\t\t\t<div class=\"elementor-image-carousel swiper-wrapper\" aria-live=\"off\">\n\t\t\t\t\t\t\t\t<div class=\"swiper-slide\" role=\"group\" aria-roledescription=\"slide\" aria-label=\"1 \/ 4\"><figure class=\"swiper-slide-inner\"><img decoding=\"async\" class=\"swiper-slide-image\" src=\"https:\/\/dalgichidrofor.com\/wp-content\/uploads\/2024\/01\/hidrofor1-768x576.jpg\" alt=\"hidrofor1\" \/><\/figure><\/div><div class=\"swiper-slide\" role=\"group\" aria-roledescription=\"slide\" aria-label=\"2 \/ 4\"><figure class=\"swiper-slide-inner\"><img decoding=\"async\" class=\"swiper-slide-image\" src=\"https:\/\/dalgichidrofor.com\/wp-content\/uploads\/2024\/01\/hidrofor2-768x576.jpg\" alt=\"hidrofor2\" \/><\/figure><\/div><div class=\"swiper-slide\" role=\"group\" aria-roledescription=\"slide\" aria-label=\"3 \/ 4\"><figure class=\"swiper-slide-inner\"><img decoding=\"async\" class=\"swiper-slide-image\" src=\"https:\/\/dalgichidrofor.com\/wp-content\/uploads\/2024\/01\/hidrofor3-768x576.jpg\" alt=\"hidrofor3\" \/><\/figure><\/div><div class=\"swiper-slide\" role=\"group\" aria-roledescription=\"slide\" aria-label=\"4 \/ 4\"><figure class=\"swiper-slide-inner\"><img decoding=\"async\" class=\"swiper-slide-image\" src=\"https:\/\/dalgichidrofor.com\/wp-content\/uploads\/2024\/01\/hidrofor4-768x576.jpg\" alt=\"hidrofor4\" \/><\/figure><\/div>\t\t\t<\/div>\n\t\t\t\t\t\t\t\t\t\t\t\t<div class=\"elementor-swiper-button elementor-swiper-button-prev\" role=\"button\" tabindex=\"0\">\n\t\t\t\t\t\t<svg aria-hidden=\"true\" class=\"e-font-icon-svg e-eicon-chevron-left\" viewBox=\"0 0 1000 1000\" xmlns=\"http:\/\/www.w3.org\/2000\/svg\"><path d=\"M646 125C629 125 613 133 604 142L308 442C296 454 292 471 292 487 292 504 296 521 308 533L604 854C617 867 629 875 646 875 663 875 679 871 692 858 704 846 713 829 713 812 713 796 708 779 692 767L438 487 692 225C700 217 708 204 708 187 708 171 704 154 692 142 675 129 663 125 646 125Z\"><\/path><\/svg>\t\t\t\t\t<\/div>\n\t\t\t\t\t<div class=\"elementor-swiper-button elementor-swiper-button-next\" role=\"button\" tabindex=\"0\">\n\t\t\t\t\t\t<svg aria-hidden=\"true\" class=\"e-font-icon-svg e-eicon-chevron-right\" viewBox=\"0 0 1000 1000\" xmlns=\"http:\/\/www.w3.org\/2000\/svg\"><path d=\"M696 533C708 521 713 504 713 487 713 471 708 454 696 446L400 146C388 133 375 125 354 125 338 125 325 129 313 142 300 154 292 171 292 187 292 204 296 221 308 233L563 492 304 771C292 783 288 800 288 817 288 833 296 850 308 863 321 871 338 875 354 875 371 875 388 867 400 854L696 533Z\"><\/path><\/svg>\t\t\t\t\t<\/div>\n\t\t\t\t\n\t\t\t\t\t\t\t\t\t<\/div>\n\t\t\t\t<\/div>\n\t\t\t\t<\/div>\n\t\t\t\t<\/div>\n\t\t<div class=\"elementor-element elementor-element-5633ed3 e-con-full e-flex e-con e-child\" data-id=\"5633ed3\" data-element_type=\"container\" data-settings=\"{&quot;content_width&quot;:&quot;full&quot;}\">\n\t\t\t\t<div class=\"elementor-element elementor-element-ac7ecff elementor-widget elementor-widget-text-editor\" data-id=\"ac7ecff\" data-element_type=\"widget\" data-widget_type=\"text-editor.default\">\n\t\t\t\t<div class=\"elementor-widget-container\">\n\t\t\t\t\t\t\t<p>H\u0130DROFOR POMPA S\u0130STEMLER\u0130<br \/>Hidroforlar \u015febekeden su temini ve \u00e7ok katl\u0131 binalarda su bas\u0131n\u00e7land\u0131rma uygulamalar\u0131 i\u00e7in en uygun \u00e7\u00f6z\u00fcmd\u00fcr. \u00c7ok katl\u0131 binalardaki su kullan\u0131m\u0131 s\u00fcrekli de\u011fi\u015fkendir ki bu durum kullan\u0131lan hidrofordan \u00e7ok \u015fey talep etmesine neden olur. Hidrofor Pompa sistemi ile her zaman ve her katta sabit bas\u0131n\u00e7 sa\u011flanarak kullan\u0131c\u0131 ya ideal su konforu kolayl\u0131kla sa\u011flan\u0131r.<\/p><p>\u00a0<\/p><p>Kullan\u0131m Alanlar\u0131:<br \/>Ya\u015fam Alanlar\u0131: Villalar, Apartman site, Otel, sosyal tesis ve tatil k\u00f6yleri.<br \/>\u0130\u015fletmelerde: Hastane, okul ve i\u015f merkezleri Depo, rafineri, tersane, fabrika, su ar\u0131tma ve sanayi tesislerinde. <br \/>Tar\u0131msal alan\u0131nda: Sera \u00e7iftlikler Bah\u00e7e ve parklarda.<\/p>\t\t\t\t\t\t<\/div>\n\t\t\t\t<\/div>\n\t\t\t\t<\/div>\n\t\t\t\t\t<\/div>\n\t\t\t\t<\/div>\n\t\t<div class=\"elementor-element elementor-element-6740f65 e-flex e-con-boxed e-con e-parent\" data-id=\"6740f65\" data-element_type=\"container\" data-settings=\"{&quot;content_width&quot;:&quot;boxed&quot;}\" data-core-v316-plus=\"true\">\n\t\t\t\t\t<div class=\"e-con-inner\">\n\t\t<div class=\"elementor-element elementor-element-f0dddc6 e-con-full e-flex e-con e-child\" data-id=\"f0dddc6\" data-element_type=\"container\" data-settings=\"{&quot;content_width&quot;:&quot;full&quot;}\">\n\t\t\t\t<div class=\"elementor-element elementor-element-2c1a4c0 elementor-widget elementor-widget-image\" data-id=\"2c1a4c0\" data-element_type=\"widget\" data-widget_type=\"image.default\">\n\t\t\t\t<div class=\"elementor-widget-container\">\n\t\t\t<style>\/*! elementor - v3.18.0 - 20-12-2023 *\/\n.elementor-widget-image{text-align:center}.elementor-widget-image a{display:inline-block}.elementor-widget-image a img[src$=\".svg\"]{width:48px}.elementor-widget-image img{vertical-align:middle;display:inline-block}<\/style>\t\t\t\t\t\t\t\t\t\t\t\t<img fetchpriority=\"high\" decoding=\"async\" width=\"750\" height=\"500\" src=\"https:\/\/dalgichidrofor.com\/wp-content\/uploads\/2024\/01\/mersin-hidrofor-pompa-01.jpg\" class=\"attachment-large size-large wp-image-784\" alt=\"\" srcset=\"https:\/\/dalgichidrofor.com\/wp-content\/uploads\/2024\/01\/mersin-hidrofor-pompa-01.jpg 750w, https:\/\/dalgichidrofor.com\/wp-content\/uploads\/2024\/01\/mersin-hidrofor-pompa-01-300x200.jpg 300w\" sizes=\"(max-width: 750px) 100vw, 750px\" \/>\t\t\t\t\t\t\t\t\t\t\t\t\t\t\t<\/div>\n\t\t\t\t<\/div>\n\t\t\t\t<\/div>\n\t\t<div class=\"elementor-element elementor-element-5d85cd2 e-con-full e-flex e-con e-child\" data-id=\"5d85cd2\" data-element_type=\"container\" data-settings=\"{&quot;content_width&quot;:&quot;full&quot;}\">\n\t\t\t\t<div class=\"elementor-element elementor-element-934ad7f elementor-widget elementor-widget-image\" data-id=\"934ad7f\" data-element_type=\"widget\" data-widget_type=\"image.default\">\n\t\t\t\t<div class=\"elementor-widget-container\">\n\t\t\t\t\t\t\t\t\t\t\t\t\t\t\t<img decoding=\"async\" width=\"750\" height=\"500\" src=\"https:\/\/dalgichidrofor.com\/wp-content\/uploads\/2024\/01\/mersin-hidrofor-pompa-02.jpg\" class=\"attachment-large size-large wp-image-785\" alt=\"\" srcset=\"https:\/\/dalgichidrofor.com\/wp-content\/uploads\/2024\/01\/mersin-hidrofor-pompa-02.jpg 750w, https:\/\/dalgichidrofor.com\/wp-content\/uploads\/2024\/01\/mersin-hidrofor-pompa-02-300x200.jpg 300w\" sizes=\"(max-width: 750px) 100vw, 750px\" \/>\t\t\t\t\t\t\t\t\t\t\t\t\t\t\t<\/div>\n\t\t\t\t<\/div>\n\t\t\t\t<\/div>\n\t\t<div class=\"elementor-element elementor-element-813ad7c e-con-full e-flex e-con e-child\" data-id=\"813ad7c\" data-element_type=\"container\" data-settings=\"{&quot;content_width&quot;:&quot;full&quot;}\">\n\t\t\t\t<div class=\"elementor-element elementor-element-96d4e2f elementor-widget elementor-widget-image\" data-id=\"96d4e2f\" data-element_type=\"widget\" data-widget_type=\"image.default\">\n\t\t\t\t<div class=\"elementor-widget-container\">\n\t\t\t\t\t\t\t\t\t\t\t\t\t\t\t<img decoding=\"async\" width=\"750\" height=\"500\" src=\"https:\/\/dalgichidrofor.com\/wp-content\/uploads\/2024\/01\/mersin-hidrofor-pompa-03-1.jpg\" class=\"attachment-large size-large wp-image-790\" alt=\"\" srcset=\"https:\/\/dalgichidrofor.com\/wp-content\/uploads\/2024\/01\/mersin-hidrofor-pompa-03-1.jpg 750w, https:\/\/dalgichidrofor.com\/wp-content\/uploads\/2024\/01\/mersin-hidrofor-pompa-03-1-300x200.jpg 300w\" sizes=\"(max-width: 750px) 100vw, 750px\" \/>\t\t\t\t\t\t\t\t\t\t\t\t\t\t\t<\/div>\n\t\t\t\t<\/div>\n\t\t\t\t<\/div>\n\t\t<div class=\"elementor-element elementor-element-9070631 e-con-full e-flex e-con e-child\" data-id=\"9070631\" data-element_type=\"container\" data-settings=\"{&quot;content_width&quot;:&quot;full&quot;}\">\n\t\t\t\t<div class=\"elementor-element elementor-element-31dac4a elementor-widget elementor-widget-image\" data-id=\"31dac4a\" data-element_type=\"widget\" data-widget_type=\"image.default\">\n\t\t\t\t<div class=\"elementor-widget-container\">\n\t\t\t\t\t\t\t\t\t\t\t\t\t\t\t<img loading=\"lazy\" decoding=\"async\" width=\"750\" height=\"500\" src=\"https:\/\/dalgichidrofor.com\/wp-content\/uploads\/2024\/01\/mersin-hidrofor-pompa-04.jpg\" class=\"attachment-large size-large wp-image-787\" alt=\"\" srcset=\"https:\/\/dalgichidrofor.com\/wp-content\/uploads\/2024\/01\/mersin-hidrofor-pompa-04.jpg 750w, https:\/\/dalgichidrofor.com\/wp-content\/uploads\/2024\/01\/mersin-hidrofor-pompa-04-300x200.jpg 300w\" sizes=\"(max-width: 750px) 100vw, 750px\" \/>\t\t\t\t\t\t\t\t\t\t\t\t\t\t\t<\/div>\n\t\t\t\t<\/div>\n\t\t\t\t<\/div>\n\t\t<div class=\"elementor-element elementor-element-e99a885 e-con-full e-flex e-con e-child\" data-id=\"e99a885\" data-element_type=\"container\" data-settings=\"{&quot;content_width&quot;:&quot;full&quot;}\">\n\t\t\t\t<div class=\"elementor-element elementor-element-bf291a1 elementor-widget elementor-widget-image\" data-id=\"bf291a1\" data-element_type=\"widget\" data-widget_type=\"image.default\">\n\t\t\t\t<div class=\"elementor-widget-container\">\n\t\t\t\t\t\t\t\t\t\t\t\t\t\t\t<img loading=\"lazy\" decoding=\"async\" width=\"750\" height=\"500\" src=\"https:\/\/dalgichidrofor.com\/wp-content\/uploads\/2024\/01\/mersin-hidrofor-pompa-05.jpg\" class=\"attachment-large size-large wp-image-788\" alt=\"\" srcset=\"https:\/\/dalgichidrofor.com\/wp-content\/uploads\/2024\/01\/mersin-hidrofor-pompa-05.jpg 750w, https:\/\/dalgichidrofor.com\/wp-content\/uploads\/2024\/01\/mersin-hidrofor-pompa-05-300x200.jpg 300w\" sizes=\"(max-width: 750px) 100vw, 750px\" \/>\t\t\t\t\t\t\t\t\t\t\t\t\t\t\t<\/div>\n\t\t\t\t<\/div>\n\t\t\t\t<\/div>\n\t\t<div class=\"elementor-element elementor-element-e02ddb9 e-con-full e-flex e-con e-child\" data-id=\"e02ddb9\" data-element_type=\"container\" data-settings=\"{&quot;content_width&quot;:&quot;full&quot;}\">\n\t\t\t\t<div class=\"elementor-element elementor-element-771d64c elementor-widget elementor-widget-image\" data-id=\"771d64c\" data-element_type=\"widget\" data-widget_type=\"image.default\">\n\t\t\t\t<div class=\"elementor-widget-container\">\n\t\t\t\t\t\t\t\t\t\t\t\t\t\t\t<img loading=\"lazy\" decoding=\"async\" width=\"750\" height=\"500\" src=\"https:\/\/dalgichidrofor.com\/wp-content\/uploads\/2024\/01\/mersin-hidrofor-pompa-06.jpg\" class=\"attachment-large size-large wp-image-789\" alt=\"\" srcset=\"https:\/\/dalgichidrofor.com\/wp-content\/uploads\/2024\/01\/mersin-hidrofor-pompa-06.jpg 750w, https:\/\/dalgichidrofor.com\/wp-content\/uploads\/2024\/01\/mersin-hidrofor-pompa-06-300x200.jpg 300w\" sizes=\"(max-width: 750px) 100vw, 750px\" \/>\t\t\t\t\t\t\t\t\t\t\t\t\t\t\t<\/div>\n\t\t\t\t<\/div>\n\t\t\t\t<\/div>\n\t\t\t\t\t<\/div>\n\t\t\t\t<\/div>\n\t\t\t\t\t\t\t<\/div>\n\t\t","protected":false},"excerpt":{"rendered":"<p>Hidrofor Pompa H\u0130DROFOR POMPA S\u0130STEMLER\u0130Hidroforlar \u015febekeden su temini ve \u00e7ok katl\u0131 binalarda su bas\u0131n\u00e7land\u0131rma uygulamalar\u0131 i\u00e7in en uygun \u00e7\u00f6z\u00fcmd\u00fcr. \u00c7ok katl\u0131 binalardaki su kullan\u0131m\u0131 s\u00fcrekli de\u011fi\u015fkendir ki bu durum kullan\u0131lan hidrofordan \u00e7ok \u015fey talep etmesine neden olur. Hidrofor Pompa sistemi ile her zaman ve her katta sabit bas\u0131n\u00e7 sa\u011flanarak kullan\u0131c\u0131 ya ideal su konforu kolayl\u0131kla [&hellip;]<\/p>\n","protected":false},"author":1,"featured_media":0,"parent":0,"menu_order":0,"comment_status":"closed","ping_status":"closed","template":"elementor_header_footer","meta":{"rank_math_lock_modified_date":false,"footnotes":""},"_links":{"self":[{"href":"https:\/\/dalgichidrofor.com\/index.php?rest_route=\/wp\/v2\/pages\/656"}],"collection":[{"href":"https:\/\/dalgichidrofor.com\/index.php?rest_route=\/wp\/v2\/pages"}],"about":[{"href":"https:\/\/dalgichidrofor.com\/index.php?rest_route=\/wp\/v2\/types\/page"}],"author":[{"embeddable":true,"href":"https:\/\/dalgichidrofor.com\/index.php?rest_route=\/wp\/v2\/users\/1"}],"replies":[{"embeddable":true,"href":"https:\/\/dalgichidrofor.com\/index.php?rest_route=%2Fwp%2Fv2%2Fcomments&post=656"}],"version-history":[{"count":19,"href":"https:\/\/dalgichidrofor.com\/index.php?rest_route=\/wp\/v2\/pages\/656\/revisions"}],"predecessor-version":[{"id":868,"href":"https:\/\/dalgichidrofor.com\/index.php?rest_route=\/wp\/v2\/pages\/656\/revisions\/868"}],"wp:attachment":[{"href":"https:\/\/dalgichidrofor.com\/index.php?rest_route=%2Fwp%2Fv2%2Fmedia&parent=656"}],"curies":[{"name":"wp","href":"https:\/\/api.w.org\/{rel}","templated":true}]}}