{"id":1057,"date":"2024-01-26T15:35:40","date_gmt":"2024-01-26T15:35:40","guid":{"rendered":"https:\/\/dalgichidrofor.com\/?page_id=1057"},"modified":"2024-01-27T15:34:10","modified_gmt":"2024-01-27T15:34:10","slug":"su-depolari","status":"publish","type":"page","link":"https:\/\/dalgichidrofor.com\/?page_id=1057","title":{"rendered":"Su Depolar\u0131"},"content":{"rendered":"\t\t<div data-elementor-type=\"wp-page\" data-elementor-id=\"1057\" class=\"elementor elementor-1057\">\n\t\t\t\t\t\t\t<div class=\"elementor-element elementor-element-6c6152b e-flex e-con-boxed e-con e-parent\" data-id=\"6c6152b\" data-element_type=\"container\" data-settings=\"{&quot;content_width&quot;:&quot;boxed&quot;}\" data-core-v316-plus=\"true\">\n\t\t\t\t\t<div class=\"e-con-inner\">\n\t\t\t\t<div class=\"elementor-element elementor-element-ef6600b elementor-widget elementor-widget-text-editor\" data-id=\"ef6600b\" data-element_type=\"widget\" data-widget_type=\"text-editor.default\">\n\t\t\t\t<div class=\"elementor-widget-container\">\n\t\t\t<style>\/*! elementor - v3.18.0 - 20-12-2023 *\/\n.elementor-widget-text-editor.elementor-drop-cap-view-stacked .elementor-drop-cap{background-color:#69727d;color:#fff}.elementor-widget-text-editor.elementor-drop-cap-view-framed .elementor-drop-cap{color:#69727d;border:3px solid;background-color:transparent}.elementor-widget-text-editor:not(.elementor-drop-cap-view-default) .elementor-drop-cap{margin-top:8px}.elementor-widget-text-editor:not(.elementor-drop-cap-view-default) .elementor-drop-cap-letter{width:1em;height:1em}.elementor-widget-text-editor .elementor-drop-cap{float:left;text-align:center;line-height:1;font-size:50px}.elementor-widget-text-editor .elementor-drop-cap-letter{display:inline-block}<\/style>\t\t\t\t<p>Krom ve Plastik Su Depolar\u0131<\/p>\t\t\t\t\t\t<\/div>\n\t\t\t\t<\/div>\n\t\t\t\t\t<\/div>\n\t\t\t\t<\/div>\n\t\t<div class=\"elementor-element elementor-element-1ee24b5 e-flex e-con-boxed e-con e-parent\" data-id=\"1ee24b5\" data-element_type=\"container\" data-settings=\"{&quot;content_width&quot;:&quot;boxed&quot;}\" data-core-v316-plus=\"true\">\n\t\t\t\t\t<div class=\"e-con-inner\">\n\t\t<div class=\"elementor-element elementor-element-c59eedb e-con-full e-flex e-con e-child\" data-id=\"c59eedb\" data-element_type=\"container\" data-settings=\"{&quot;content_width&quot;:&quot;full&quot;}\">\n\t\t\t\t<div class=\"elementor-element elementor-element-6979b8c elementor-widget elementor-widget-image\" data-id=\"6979b8c\" data-element_type=\"widget\" data-widget_type=\"image.default\">\n\t\t\t\t<div class=\"elementor-widget-container\">\n\t\t\t<style>\/*! elementor - v3.18.0 - 20-12-2023 *\/\n.elementor-widget-image{text-align:center}.elementor-widget-image a{display:inline-block}.elementor-widget-image a img[src$=\".svg\"]{width:48px}.elementor-widget-image img{vertical-align:middle;display:inline-block}<\/style>\t\t\t\t\t\t\t\t\t\t\t\t<img fetchpriority=\"high\" decoding=\"async\" width=\"800\" height=\"591\" src=\"https:\/\/dalgichidrofor.com\/wp-content\/uploads\/2024\/01\/dalgic-krom33-1.jpg\" class=\"attachment-large size-large wp-image-1133\" alt=\"\" srcset=\"https:\/\/dalgichidrofor.com\/wp-content\/uploads\/2024\/01\/dalgic-krom33-1.jpg 812w, https:\/\/dalgichidrofor.com\/wp-content\/uploads\/2024\/01\/dalgic-krom33-1-300x222.jpg 300w, https:\/\/dalgichidrofor.com\/wp-content\/uploads\/2024\/01\/dalgic-krom33-1-768x567.jpg 768w\" sizes=\"(max-width: 800px) 100vw, 800px\" \/>\t\t\t\t\t\t\t\t\t\t\t\t\t\t\t<\/div>\n\t\t\t\t<\/div>\n\t\t\t\t<\/div>\n\t\t<div class=\"elementor-element elementor-element-eb74887 e-con-full e-flex e-con e-child\" data-id=\"eb74887\" data-element_type=\"container\" data-settings=\"{&quot;content_width&quot;:&quot;full&quot;}\">\n\t\t\t\t<div class=\"elementor-element elementor-element-7e70c21 elementor-widget elementor-widget-text-editor\" data-id=\"7e70c21\" data-element_type=\"widget\" data-widget_type=\"text-editor.default\">\n\t\t\t\t<div class=\"elementor-widget-container\">\n\t\t\t\t\t\t\t<p>PR\u0130ZMAT\u0130K MOD\u00dcLER SU DEPOLARI<br \/>Mod\u00fcler Su Depolar\u0131n\u0131n En \u00d6nemli \u00d6zellikleri;<br \/>Tamamen mod\u00fcler ve civatal\u0131 konstr\u00fcksiyondan olu\u015fmaktad\u0131r.<br \/>Demonte gelen depo mod\u00fcllerinin nakliyesi, yatay ve d\u00fc\u015fey ta\u015f\u0131nmas\u0131 ile montaj\u0131 kolayd\u0131r.<br \/>Dar yerlerden par\u00e7alar halinde ge\u00e7ip montaj mahaline kolayl\u0131kla ta\u015f\u0131nabilir.<br \/>Kaynakl\u0131 imal edilmi\u015f ve betonerme su depolar\u0131ndan daha ekonomik, dayan\u0131kl\u0131 ve hijyeniktir.<br \/>Prizmatik mod\u00fcler su depolar\u0131;\u00a0 k\u00fcf, mantar, bakteri ve yosun olu\u015fturmaz.<br \/><br \/>Mod\u00fcler Su Deposu Kullan\u0131m Alanlar\u0131<br \/>&#8211; Konutlarda<br \/>&#8211; Kamu ile \u00f6zel kurum ve kurulu\u015flarda <br \/>&#8211; Hastane, otel ve e\u011fitim kurumlar\u0131nda <br \/>&#8211; Al\u0131\u015fveri\u015f merkezleri, park ve bah\u00e7elerde<br \/>&#8211; End\u00fcstri, tar\u0131m ve hayvanc\u0131l\u0131k tesislerinde<\/p>\t\t\t\t\t\t<\/div>\n\t\t\t\t<\/div>\n\t\t\t\t<\/div>\n\t\t\t\t\t<\/div>\n\t\t\t\t<\/div>\n\t\t<div class=\"elementor-element elementor-element-f04591c e-flex e-con-boxed e-con e-parent\" data-id=\"f04591c\" data-element_type=\"container\" data-settings=\"{&quot;content_width&quot;:&quot;boxed&quot;}\" data-core-v316-plus=\"true\">\n\t\t\t\t\t<div class=\"e-con-inner\">\n\t\t<div class=\"elementor-element elementor-element-c9ef4b2 e-con-full e-flex e-con e-child\" data-id=\"c9ef4b2\" data-element_type=\"container\" data-settings=\"{&quot;content_width&quot;:&quot;full&quot;}\">\n\t\t\t\t<div class=\"elementor-element elementor-element-4339f7e elementor-widget elementor-widget-image\" data-id=\"4339f7e\" data-element_type=\"widget\" data-widget_type=\"image.default\">\n\t\t\t\t<div class=\"elementor-widget-container\">\n\t\t\t\t\t\t\t\t\t\t\t\t\t\t\t<img decoding=\"async\" width=\"800\" height=\"600\" src=\"https:\/\/dalgichidrofor.com\/wp-content\/uploads\/2024\/01\/dalgic-krom1.jpg\" class=\"attachment-large size-large wp-image-1062\" alt=\"\" srcset=\"https:\/\/dalgichidrofor.com\/wp-content\/uploads\/2024\/01\/dalgic-krom1.jpg 800w, https:\/\/dalgichidrofor.com\/wp-content\/uploads\/2024\/01\/dalgic-krom1-300x225.jpg 300w, https:\/\/dalgichidrofor.com\/wp-content\/uploads\/2024\/01\/dalgic-krom1-768x576.jpg 768w\" sizes=\"(max-width: 800px) 100vw, 800px\" \/>\t\t\t\t\t\t\t\t\t\t\t\t\t\t\t<\/div>\n\t\t\t\t<\/div>\n\t\t\t\t<\/div>\n\t\t<div class=\"elementor-element elementor-element-40b935a e-con-full e-flex e-con e-child\" data-id=\"40b935a\" data-element_type=\"container\" data-settings=\"{&quot;content_width&quot;:&quot;full&quot;}\">\n\t\t\t\t<div class=\"elementor-element elementor-element-cd2b85d elementor-widget elementor-widget-image\" data-id=\"cd2b85d\" data-element_type=\"widget\" data-widget_type=\"image.default\">\n\t\t\t\t<div class=\"elementor-widget-container\">\n\t\t\t\t\t\t\t\t\t\t\t\t\t\t\t<img decoding=\"async\" width=\"800\" height=\"600\" src=\"https:\/\/dalgichidrofor.com\/wp-content\/uploads\/2024\/01\/dalgic-krom2.jpg\" class=\"attachment-large size-large wp-image-1063\" alt=\"\" srcset=\"https:\/\/dalgichidrofor.com\/wp-content\/uploads\/2024\/01\/dalgic-krom2.jpg 800w, https:\/\/dalgichidrofor.com\/wp-content\/uploads\/2024\/01\/dalgic-krom2-300x225.jpg 300w, https:\/\/dalgichidrofor.com\/wp-content\/uploads\/2024\/01\/dalgic-krom2-768x576.jpg 768w\" sizes=\"(max-width: 800px) 100vw, 800px\" \/>\t\t\t\t\t\t\t\t\t\t\t\t\t\t\t<\/div>\n\t\t\t\t<\/div>\n\t\t\t\t<\/div>\n\t\t<div class=\"elementor-element elementor-element-4c53b99 e-con-full e-flex e-con e-child\" data-id=\"4c53b99\" data-element_type=\"container\" data-settings=\"{&quot;content_width&quot;:&quot;full&quot;}\">\n\t\t\t\t<div class=\"elementor-element elementor-element-e9319ed elementor-widget elementor-widget-image\" data-id=\"e9319ed\" data-element_type=\"widget\" data-widget_type=\"image.default\">\n\t\t\t\t<div class=\"elementor-widget-container\">\n\t\t\t\t\t\t\t\t\t\t\t\t\t\t\t<img loading=\"lazy\" decoding=\"async\" width=\"800\" height=\"600\" src=\"https:\/\/dalgichidrofor.com\/wp-content\/uploads\/2024\/01\/dalgic-krom3.jpg\" class=\"attachment-large size-large wp-image-1064\" alt=\"\" srcset=\"https:\/\/dalgichidrofor.com\/wp-content\/uploads\/2024\/01\/dalgic-krom3.jpg 800w, https:\/\/dalgichidrofor.com\/wp-content\/uploads\/2024\/01\/dalgic-krom3-300x225.jpg 300w, https:\/\/dalgichidrofor.com\/wp-content\/uploads\/2024\/01\/dalgic-krom3-768x576.jpg 768w\" sizes=\"(max-width: 800px) 100vw, 800px\" \/>\t\t\t\t\t\t\t\t\t\t\t\t\t\t\t<\/div>\n\t\t\t\t<\/div>\n\t\t\t\t<\/div>\n\t\t\t\t\t<\/div>\n\t\t\t\t<\/div>\n\t\t<div class=\"elementor-element elementor-element-ce248cf e-flex e-con-boxed e-con e-parent\" data-id=\"ce248cf\" data-element_type=\"container\" data-settings=\"{&quot;content_width&quot;:&quot;boxed&quot;}\" data-core-v316-plus=\"true\">\n\t\t\t\t\t<div class=\"e-con-inner\">\n\t\t<div class=\"elementor-element elementor-element-8ff4a93 e-con-full e-flex e-con e-child\" data-id=\"8ff4a93\" data-element_type=\"container\" data-settings=\"{&quot;content_width&quot;:&quot;full&quot;}\">\n\t\t\t\t<div class=\"elementor-element elementor-element-687eedf elementor-widget elementor-widget-image\" data-id=\"687eedf\" data-element_type=\"widget\" data-widget_type=\"image.default\">\n\t\t\t\t<div class=\"elementor-widget-container\">\n\t\t\t\t\t\t\t\t\t\t\t\t\t\t\t<img loading=\"lazy\" decoding=\"async\" width=\"800\" height=\"678\" src=\"https:\/\/dalgichidrofor.com\/wp-content\/uploads\/2024\/01\/depo-su-1-1024x868.jpg\" class=\"attachment-large size-large wp-image-1123\" alt=\"\" srcset=\"https:\/\/dalgichidrofor.com\/wp-content\/uploads\/2024\/01\/depo-su-1-1024x868.jpg 1024w, https:\/\/dalgichidrofor.com\/wp-content\/uploads\/2024\/01\/depo-su-1-300x254.jpg 300w, https:\/\/dalgichidrofor.com\/wp-content\/uploads\/2024\/01\/depo-su-1-768x651.jpg 768w, https:\/\/dalgichidrofor.com\/wp-content\/uploads\/2024\/01\/depo-su-1.jpg 1440w\" sizes=\"(max-width: 800px) 100vw, 800px\" \/>\t\t\t\t\t\t\t\t\t\t\t\t\t\t\t<\/div>\n\t\t\t\t<\/div>\n\t\t\t\t<\/div>\n\t\t<div class=\"elementor-element elementor-element-7520713 e-con-full e-flex e-con e-child\" data-id=\"7520713\" data-element_type=\"container\" data-settings=\"{&quot;content_width&quot;:&quot;full&quot;}\">\n\t\t\t\t<div class=\"elementor-element elementor-element-0f1c4ee elementor-widget elementor-widget-text-editor\" data-id=\"0f1c4ee\" data-element_type=\"widget\" data-widget_type=\"text-editor.default\">\n\t\t\t\t<div class=\"elementor-widget-container\">\n\t\t\t\t\t\t\t<p>PLAST\u0130K SU DEPOLARI<br \/>Plastik su deposu kaliteli yap\u0131s\u0131, kare, yatay ve dikey se\u00e7enekleriyle kullan\u0131c\u0131lar\u0131n ihtiya\u00e7lar\u0131na en uygun modele kolayl\u0131kla ula\u015fabilme imk\u00e2n\u0131 tan\u0131r. Tercihe ve ihtiyaca g\u00f6re 50 litreden ba\u015flayarak 20 tona kadar farkl\u0131 hacimlerde \u00fcretimi yap\u0131lan su depolar\u0131 yaln\u0131zca su de\u011fil, kimyasal madde, at\u0131k su ve g\u0131da maddeleri depolamak i\u00e7in de kullan\u0131l\u0131r.<\/p><p>Mod\u00fcler Su Deposu Kullan\u0131m Alanlar\u0131<br \/>&#8211; Konutlarda<br \/>&#8211; Kamu ile \u00f6zel kurum ve kurulu\u015flarda <br \/>&#8211; Hastane, otel ve e\u011fitim kurumlar\u0131nda <br \/>&#8211; Al\u0131\u015fveri\u015f merkezleri, park ve bah\u00e7elerde<br \/>&#8211; End\u00fcstri, tar\u0131m ve hayvanc\u0131l\u0131k tesislerinde<\/p>\t\t\t\t\t\t<\/div>\n\t\t\t\t<\/div>\n\t\t\t\t<\/div>\n\t\t\t\t\t<\/div>\n\t\t\t\t<\/div>\n\t\t<div class=\"elementor-element elementor-element-40e0a24 e-flex e-con-boxed e-con e-parent\" data-id=\"40e0a24\" data-element_type=\"container\" data-settings=\"{&quot;content_width&quot;:&quot;boxed&quot;}\" data-core-v316-plus=\"true\">\n\t\t\t\t\t<div class=\"e-con-inner\">\n\t\t<div class=\"elementor-element elementor-element-1bb4da2 e-con-full e-flex e-con e-child\" data-id=\"1bb4da2\" data-element_type=\"container\" data-settings=\"{&quot;content_width&quot;:&quot;full&quot;}\">\n\t\t\t\t<div class=\"elementor-element elementor-element-6154885 elementor-widget elementor-widget-image\" data-id=\"6154885\" data-element_type=\"widget\" data-widget_type=\"image.default\">\n\t\t\t\t<div class=\"elementor-widget-container\">\n\t\t\t\t\t\t\t\t\t\t\t\t\t\t\t<img loading=\"lazy\" decoding=\"async\" width=\"800\" height=\"600\" src=\"https:\/\/dalgichidrofor.com\/wp-content\/uploads\/2024\/01\/dalgic-plast1.jpg\" class=\"attachment-large size-large wp-image-1066\" alt=\"\" srcset=\"https:\/\/dalgichidrofor.com\/wp-content\/uploads\/2024\/01\/dalgic-plast1.jpg 800w, https:\/\/dalgichidrofor.com\/wp-content\/uploads\/2024\/01\/dalgic-plast1-300x225.jpg 300w, https:\/\/dalgichidrofor.com\/wp-content\/uploads\/2024\/01\/dalgic-plast1-768x576.jpg 768w\" sizes=\"(max-width: 800px) 100vw, 800px\" \/>\t\t\t\t\t\t\t\t\t\t\t\t\t\t\t<\/div>\n\t\t\t\t<\/div>\n\t\t\t\t<\/div>\n\t\t<div class=\"elementor-element elementor-element-fb4abc9 e-con-full e-flex e-con e-child\" data-id=\"fb4abc9\" data-element_type=\"container\" data-settings=\"{&quot;content_width&quot;:&quot;full&quot;}\">\n\t\t\t\t<div class=\"elementor-element elementor-element-f937722 elementor-widget elementor-widget-image\" data-id=\"f937722\" data-element_type=\"widget\" data-widget_type=\"image.default\">\n\t\t\t\t<div class=\"elementor-widget-container\">\n\t\t\t\t\t\t\t\t\t\t\t\t\t\t\t<img loading=\"lazy\" decoding=\"async\" width=\"800\" height=\"600\" src=\"https:\/\/dalgichidrofor.com\/wp-content\/uploads\/2024\/01\/dalgic-plast3.jpg\" class=\"attachment-large size-large wp-image-1068\" alt=\"\" srcset=\"https:\/\/dalgichidrofor.com\/wp-content\/uploads\/2024\/01\/dalgic-plast3.jpg 800w, https:\/\/dalgichidrofor.com\/wp-content\/uploads\/2024\/01\/dalgic-plast3-300x225.jpg 300w, https:\/\/dalgichidrofor.com\/wp-content\/uploads\/2024\/01\/dalgic-plast3-768x576.jpg 768w\" sizes=\"(max-width: 800px) 100vw, 800px\" \/>\t\t\t\t\t\t\t\t\t\t\t\t\t\t\t<\/div>\n\t\t\t\t<\/div>\n\t\t\t\t<\/div>\n\t\t<div class=\"elementor-element elementor-element-2890bb9 e-con-full e-flex e-con e-child\" data-id=\"2890bb9\" data-element_type=\"container\" data-settings=\"{&quot;content_width&quot;:&quot;full&quot;}\">\n\t\t\t\t<div class=\"elementor-element elementor-element-deb17d5 elementor-widget elementor-widget-image\" data-id=\"deb17d5\" data-element_type=\"widget\" data-widget_type=\"image.default\">\n\t\t\t\t<div class=\"elementor-widget-container\">\n\t\t\t\t\t\t\t\t\t\t\t\t\t\t\t<img loading=\"lazy\" decoding=\"async\" width=\"800\" height=\"600\" src=\"https:\/\/dalgichidrofor.com\/wp-content\/uploads\/2024\/01\/dalgic-plast4.jpg\" class=\"attachment-large size-large wp-image-1069\" alt=\"\" srcset=\"https:\/\/dalgichidrofor.com\/wp-content\/uploads\/2024\/01\/dalgic-plast4.jpg 800w, https:\/\/dalgichidrofor.com\/wp-content\/uploads\/2024\/01\/dalgic-plast4-300x225.jpg 300w, https:\/\/dalgichidrofor.com\/wp-content\/uploads\/2024\/01\/dalgic-plast4-768x576.jpg 768w\" sizes=\"(max-width: 800px) 100vw, 800px\" \/>\t\t\t\t\t\t\t\t\t\t\t\t\t\t\t<\/div>\n\t\t\t\t<\/div>\n\t\t\t\t<\/div>\n\t\t\t\t\t<\/div>\n\t\t\t\t<\/div>\n\t\t\t\t\t\t\t<\/div>\n\t\t","protected":false},"excerpt":{"rendered":"<p>Krom ve Plastik Su Depolar\u0131 PR\u0130ZMAT\u0130K MOD\u00dcLER SU DEPOLARIMod\u00fcler Su Depolar\u0131n\u0131n En \u00d6nemli \u00d6zellikleri;Tamamen mod\u00fcler ve civatal\u0131 konstr\u00fcksiyondan olu\u015fmaktad\u0131r.Demonte gelen depo mod\u00fcllerinin nakliyesi, yatay ve d\u00fc\u015fey ta\u015f\u0131nmas\u0131 ile montaj\u0131 kolayd\u0131r.Dar yerlerden par\u00e7alar halinde ge\u00e7ip montaj mahaline kolayl\u0131kla ta\u015f\u0131nabilir.Kaynakl\u0131 imal edilmi\u015f ve betonerme su depolar\u0131ndan daha ekonomik, dayan\u0131kl\u0131 ve hijyeniktir.Prizmatik mod\u00fcler su depolar\u0131;\u00a0 k\u00fcf, mantar, bakteri [&hellip;]<\/p>\n","protected":false},"author":1,"featured_media":0,"parent":0,"menu_order":0,"comment_status":"closed","ping_status":"closed","template":"elementor_header_footer","meta":{"rank_math_lock_modified_date":false,"footnotes":""},"_links":{"self":[{"href":"https:\/\/dalgichidrofor.com\/index.php?rest_route=\/wp\/v2\/pages\/1057"}],"collection":[{"href":"https:\/\/dalgichidrofor.com\/index.php?rest_route=\/wp\/v2\/pages"}],"about":[{"href":"https:\/\/dalgichidrofor.com\/index.php?rest_route=\/wp\/v2\/types\/page"}],"author":[{"embeddable":true,"href":"https:\/\/dalgichidrofor.com\/index.php?rest_route=\/wp\/v2\/users\/1"}],"replies":[{"embeddable":true,"href":"https:\/\/dalgichidrofor.com\/index.php?rest_route=%2Fwp%2Fv2%2Fcomments&post=1057"}],"version-history":[{"count":46,"href":"https:\/\/dalgichidrofor.com\/index.php?rest_route=\/wp\/v2\/pages\/1057\/revisions"}],"predecessor-version":[{"id":1136,"href":"https:\/\/dalgichidrofor.com\/index.php?rest_route=\/wp\/v2\/pages\/1057\/revisions\/1136"}],"wp:attachment":[{"href":"https:\/\/dalgichidrofor.com\/index.php?rest_route=%2Fwp%2Fv2%2Fmedia&parent=1057"}],"curies":[{"name":"wp","href":"https:\/\/api.w.org\/{rel}","templated":true}]}}